{"id":5311,"date":"2023-03-03T15:47:54","date_gmt":"2023-03-03T13:47:54","guid":{"rendered":"https:\/\/apgaismojums.lv\/?page_id=5311"},"modified":"2023-06-07T20:17:28","modified_gmt":"2023-06-07T17:17:28","slug":"solar-systems-and-solar-panels","status":"publish","type":"page","link":"https:\/\/apgaismojums.lv\/en\/products\/solar-systems-and-solar-panels","title":{"rendered":"Solar systems and solar panels"},"content":{"rendered":"<div class=\"fullwidth\"><div class=\"vc_row wpb_row vc_row-fluid\"><div class=\"wpb_column vc_column_container vc_col-sm-12\"><div class=\"vc_column-inner\"><div class=\"wpb_wrapper\">\n<div class=\"vc_grid-container-wrapper vc_clearfix\">\n\t<div class=\"vc_grid-container vc_clearfix wpb_content_element vc_basic_grid\" data-initial-loading-animation=\"fadeIn\" data-vc-grid-settings=\"{&quot;page_id&quot;:5311,&quot;style&quot;:&quot;all&quot;,&quot;action&quot;:&quot;vc_get_vc_grid_data&quot;,&quot;shortcode_id&quot;:&quot;1686158146928-d2d0f94c-f17a-1&quot;,&quot;tag&quot;:&quot;vc_basic_grid&quot;}\" data-vc-request=\"https:\/\/apgaismojums.lv\/wp-admin\/admin-ajax.php\" data-vc-post-id=\"5311\" data-vc-public-nonce=\"48f0548584\">\n\t\t\n\t<\/div>\n<\/div><\/div><\/div><\/div><\/div><\/div>","protected":false},"excerpt":{"rendered":"","protected":false},"author":1,"featured_media":0,"parent":5069,"menu_order":12,"comment_status":"closed","ping_status":"closed","template":"","meta":{"ngg_post_thumbnail":0,"footnotes":""},"class_list":["post-5311","page","type-page","status-publish","hentry"],"yoast_head":"<!-- This site is optimized with the Yoast SEO plugin v25.2 - https:\/\/yoast.com\/wordpress\/plugins\/seo\/ -->\n<title>Sol\u0101r\u0101s sist\u0113mas un saules pane\u013ci - ACDC Group, SIA<\/title>\n<meta name=\"description\" content=\"Profesion\u0101lais, interjera, biroju, veikalu, m\u0101c\u012bbu telpu, noliktavu, un cits apgaismojums\" \/>\n<meta name=\"robots\" content=\"index, follow, max-snippet:-1, max-image-preview:large, max-video-preview:-1\" \/>\n<link rel=\"canonical\" href=\"https:\/\/apgaismojums.lv\/en\/products\/solar-systems-and-solar-panels\" \/>\n<meta property=\"og:locale\" content=\"en_GB\" \/>\n<meta property=\"og:type\" content=\"article\" \/>\n<meta property=\"og:title\" content=\"Sol\u0101r\u0101s sist\u0113mas un saules pane\u013ci - ACDC Group, SIA\" \/>\n<meta property=\"og:description\" content=\"Profesion\u0101lais, interjera, biroju, veikalu, m\u0101c\u012bbu telpu, noliktavu, un cits apgaismojums\" \/>\n<meta property=\"og:url\" content=\"https:\/\/apgaismojums.lv\/en\/products\/solar-systems-and-solar-panels\" \/>\n<meta property=\"og:site_name\" content=\"ACDC Group, SIA\" \/>\n<meta property=\"article:modified_time\" content=\"2023-06-07T17:17:28+00:00\" \/>\n<meta name=\"twitter:card\" content=\"summary_large_image\" \/>\n<script type=\"application\/ld+json\" class=\"yoast-schema-graph\">{\"@context\":\"https:\/\/schema.org\",\"@graph\":[{\"@type\":\"WebPage\",\"@id\":\"https:\/\/apgaismojums.lv\/produkti\/solaras-sistemas-un-saules-paneli\",\"url\":\"https:\/\/apgaismojums.lv\/produkti\/solaras-sistemas-un-saules-paneli\",\"name\":\"Sol\u0101r\u0101s sist\u0113mas un saules pane\u013ci - ACDC Group, SIA\",\"isPartOf\":{\"@id\":\"https:\/\/apgaismojums.lv\/#website\"},\"datePublished\":\"2023-03-03T13:47:54+00:00\",\"dateModified\":\"2023-06-07T17:17:28+00:00\",\"description\":\"Profesion\u0101lais, interjera, biroju, veikalu, m\u0101c\u012bbu telpu, noliktavu, un cits apgaismojums\",\"breadcrumb\":{\"@id\":\"https:\/\/apgaismojums.lv\/produkti\/solaras-sistemas-un-saules-paneli#breadcrumb\"},\"inLanguage\":\"en-GB\",\"potentialAction\":[{\"@type\":\"ReadAction\",\"target\":[\"https:\/\/apgaismojums.lv\/produkti\/solaras-sistemas-un-saules-paneli\"]}]},{\"@type\":\"BreadcrumbList\",\"@id\":\"https:\/\/apgaismojums.lv\/produkti\/solaras-sistemas-un-saules-paneli#breadcrumb\",\"itemListElement\":[{\"@type\":\"ListItem\",\"position\":1,\"name\":\"Home\",\"item\":\"https:\/\/apgaismojums.lv\/\"},{\"@type\":\"ListItem\",\"position\":2,\"name\":\"Produkti\",\"item\":\"https:\/\/apgaismojums.lv\/produkti\"},{\"@type\":\"ListItem\",\"position\":3,\"name\":\"Sol\u0101r\u0101s sist\u0113mas un saules pane\u013ci\"}]},{\"@type\":\"WebSite\",\"@id\":\"https:\/\/apgaismojums.lv\/#website\",\"url\":\"https:\/\/apgaismojums.lv\/\",\"name\":\"ACDC Group, SIA\",\"description\":\"apgaismojuma risin\u0101jumi\",\"publisher\":{\"@id\":\"https:\/\/apgaismojums.lv\/#organization\"},\"potentialAction\":[{\"@type\":\"SearchAction\",\"target\":{\"@type\":\"EntryPoint\",\"urlTemplate\":\"https:\/\/apgaismojums.lv\/?s={search_term_string}\"},\"query-input\":{\"@type\":\"PropertyValueSpecification\",\"valueRequired\":true,\"valueName\":\"search_term_string\"}}],\"inLanguage\":\"en-GB\"},{\"@type\":\"Organization\",\"@id\":\"https:\/\/apgaismojums.lv\/#organization\",\"name\":\"Apgaismojums\",\"url\":\"https:\/\/apgaismojums.lv\/\",\"logo\":{\"@type\":\"ImageObject\",\"inLanguage\":\"en-GB\",\"@id\":\"https:\/\/apgaismojums.lv\/#\/schema\/logo\/image\/\",\"url\":\"https:\/\/apgaismojums.lv\/wp-content\/uploads\/2021\/03\/logo.png\",\"contentUrl\":\"https:\/\/apgaismojums.lv\/wp-content\/uploads\/2021\/03\/logo.png\",\"width\":372,\"height\":120,\"caption\":\"Apgaismojums\"},\"image\":{\"@id\":\"https:\/\/apgaismojums.lv\/#\/schema\/logo\/image\/\"}}]}<\/script>\n<!-- \/ Yoast SEO plugin. -->","yoast_head_json":{"title":"Sol\u0101r\u0101s sist\u0113mas un saules pane\u013ci - ACDC Group, SIA","description":"Profesion\u0101lais, interjera, biroju, veikalu, m\u0101c\u012bbu telpu, noliktavu, un cits apgaismojums","robots":{"index":"index","follow":"follow","max-snippet":"max-snippet:-1","max-image-preview":"max-image-preview:large","max-video-preview":"max-video-preview:-1"},"canonical":"https:\/\/apgaismojums.lv\/en\/products\/solar-systems-and-solar-panels","og_locale":"en_GB","og_type":"article","og_title":"Sol\u0101r\u0101s sist\u0113mas un saules pane\u013ci - ACDC Group, SIA","og_description":"Profesion\u0101lais, interjera, biroju, veikalu, m\u0101c\u012bbu telpu, noliktavu, un cits apgaismojums","og_url":"https:\/\/apgaismojums.lv\/en\/products\/solar-systems-and-solar-panels","og_site_name":"ACDC Group, SIA","article_modified_time":"2023-06-07T17:17:28+00:00","twitter_card":"summary_large_image","schema":{"@context":"https:\/\/schema.org","@graph":[{"@type":"WebPage","@id":"https:\/\/apgaismojums.lv\/produkti\/solaras-sistemas-un-saules-paneli","url":"https:\/\/apgaismojums.lv\/produkti\/solaras-sistemas-un-saules-paneli","name":"Sol\u0101r\u0101s sist\u0113mas un saules pane\u013ci - ACDC Group, SIA","isPartOf":{"@id":"https:\/\/apgaismojums.lv\/#website"},"datePublished":"2023-03-03T13:47:54+00:00","dateModified":"2023-06-07T17:17:28+00:00","description":"Profesion\u0101lais, interjera, biroju, veikalu, m\u0101c\u012bbu telpu, noliktavu, un cits apgaismojums","breadcrumb":{"@id":"https:\/\/apgaismojums.lv\/produkti\/solaras-sistemas-un-saules-paneli#breadcrumb"},"inLanguage":"en-GB","potentialAction":[{"@type":"ReadAction","target":["https:\/\/apgaismojums.lv\/produkti\/solaras-sistemas-un-saules-paneli"]}]},{"@type":"BreadcrumbList","@id":"https:\/\/apgaismojums.lv\/produkti\/solaras-sistemas-un-saules-paneli#breadcrumb","itemListElement":[{"@type":"ListItem","position":1,"name":"Home","item":"https:\/\/apgaismojums.lv\/"},{"@type":"ListItem","position":2,"name":"Produkti","item":"https:\/\/apgaismojums.lv\/produkti"},{"@type":"ListItem","position":3,"name":"Sol\u0101r\u0101s sist\u0113mas un saules pane\u013ci"}]},{"@type":"WebSite","@id":"https:\/\/apgaismojums.lv\/#website","url":"https:\/\/apgaismojums.lv\/","name":"ACDC Group, SIA","description":"lighting solutions","publisher":{"@id":"https:\/\/apgaismojums.lv\/#organization"},"potentialAction":[{"@type":"SearchAction","target":{"@type":"EntryPoint","urlTemplate":"https:\/\/apgaismojums.lv\/?s={search_term_string}"},"query-input":{"@type":"PropertyValueSpecification","valueRequired":true,"valueName":"search_term_string"}}],"inLanguage":"en-GB"},{"@type":"Organization","@id":"https:\/\/apgaismojums.lv\/#organization","name":"Lighting","url":"https:\/\/apgaismojums.lv\/","logo":{"@type":"ImageObject","inLanguage":"en-GB","@id":"https:\/\/apgaismojums.lv\/#\/schema\/logo\/image\/","url":"https:\/\/apgaismojums.lv\/wp-content\/uploads\/2021\/03\/logo.png","contentUrl":"https:\/\/apgaismojums.lv\/wp-content\/uploads\/2021\/03\/logo.png","width":372,"height":120,"caption":"Apgaismojums"},"image":{"@id":"https:\/\/apgaismojums.lv\/#\/schema\/logo\/image\/"}}]}},"_links":{"self":[{"href":"https:\/\/apgaismojums.lv\/en\/wp-json\/wp\/v2\/pages\/5311"}],"collection":[{"href":"https:\/\/apgaismojums.lv\/en\/wp-json\/wp\/v2\/pages"}],"about":[{"href":"https:\/\/apgaismojums.lv\/en\/wp-json\/wp\/v2\/types\/page"}],"author":[{"embeddable":true,"href":"https:\/\/apgaismojums.lv\/en\/wp-json\/wp\/v2\/users\/1"}],"replies":[{"embeddable":true,"href":"https:\/\/apgaismojums.lv\/en\/wp-json\/wp\/v2\/comments?post=5311"}],"version-history":[{"count":0,"href":"https:\/\/apgaismojums.lv\/en\/wp-json\/wp\/v2\/pages\/5311\/revisions"}],"up":[{"embeddable":true,"href":"https:\/\/apgaismojums.lv\/en\/wp-json\/wp\/v2\/pages\/5069"}],"wp:attachment":[{"href":"https:\/\/apgaismojums.lv\/en\/wp-json\/wp\/v2\/media?parent=5311"}],"curies":[{"name":"wp","href":"https:\/\/api.w.org\/{rel}","templated":true}]}}