{"id":5207,"date":"2023-02-28T14:07:36","date_gmt":"2023-02-28T12:07:36","guid":{"rendered":"https:\/\/apgaismojums.lv\/?page_id=5207"},"modified":"2023-06-07T20:17:47","modified_gmt":"2023-06-07T17:17:47","slug":"lightning-protection","status":"publish","type":"page","link":"https:\/\/apgaismojums.lv\/en\/products\/lightning-protection","title":{"rendered":"Lightning protection"},"content":{"rendered":"<div class=\"fullwidth\"><div class=\"vc_row wpb_row vc_row-fluid\"><div class=\"wpb_column vc_column_container vc_col-sm-12\"><div class=\"vc_column-inner\"><div class=\"wpb_wrapper\">\n<div class=\"vc_grid-container-wrapper vc_clearfix\">\n\t<div class=\"vc_grid-container vc_clearfix wpb_content_element vc_basic_grid\" data-initial-loading-animation=\"fadeIn\" data-vc-grid-settings=\"{&quot;page_id&quot;:5207,&quot;style&quot;:&quot;all&quot;,&quot;action&quot;:&quot;vc_get_vc_grid_data&quot;,&quot;shortcode_id&quot;:&quot;1686158162778-a2fbae0b-9cbf-0&quot;,&quot;tag&quot;:&quot;vc_basic_grid&quot;}\" data-vc-request=\"https:\/\/apgaismojums.lv\/wp-admin\/admin-ajax.php\" data-vc-post-id=\"5207\" data-vc-public-nonce=\"48f0548584\">\n\t\t<style data-type=\"vc_shortcodes-custom-css\">.vc_custom_1419328927507{background-color: #f4f4f4 !important;}<\/style><div class=\"vc_grid vc_row vc_grid-gutter-30px vc_pageable-wrapper vc_hook_hover\" data-vc-pageable-content=\"true\"><div class=\"vc_pageable-slide-wrapper vc_clearfix\" data-vc-grid-content=\"true\"><div class=\"vc_grid-item vc_clearfix vc_col-sm-4\"><div class=\"vc_grid-item-mini vc_clearfix \"><div class=\"vc_gitem-animated-block  vc_gitem-animate vc_gitem-animate-slideInRight\"  data-vc-animation=\"slideInRight\"\"><div class=\"vc_gitem-zone vc_gitem-zone-a\" style=\"background-image: url('https:\/\/apgaismojums.lv\/wp-content\/uploads\/2023\/03\/OBO.jpg') !important;\"><img decoding=\"async\" src=\"https:\/\/apgaismojums.lv\/wp-content\/uploads\/2023\/03\/OBO.jpg\" class=\"vc_gitem-zone-img\" alt=\"\"><div class=\"vc_gitem-zone-mini\"><\/div><\/div><div class=\"vc_gitem-zone vc_gitem-zone-b vc_custom_1419328927507 vc-gitem-zone-height-mode-auto vc_gitem-is-link\"><a href=\"https:\/\/apgaismojums.lv\/en\/obo\" title=\"OBO\" class=\"vc_gitem-link vc-zone-link\"><\/a><div class=\"vc_gitem-zone-mini\"><div class=\"vc_gitem_row vc_row vc_gitem-row-position-top\"><div class=\"vc_col-sm-12 vc_gitem-col vc_gitem-col-align-\"><div class=\"vc_custom_heading vc_gitem-post-data vc_gitem-post-data-source-post_title\" ><h4 style=\"text-align: left\" >OBO<\/h4><\/div><div class=\"vc_separator wpb_content_element vc_separator_align_center vc_sep_width_50 vc_sep_border_width_2 vc_sep_pos_align_left vc_separator_no_text vc_sep_color_black\" ><span class=\"vc_sep_holder vc_sep_holder_l\"><span  class=\"vc_sep_line\"><\/span><\/span><span class=\"vc_sep_holder vc_sep_holder_r\"><span  class=\"vc_sep_line\"><\/span><\/span>\n<\/div><div class=\"vc_custom_heading vc_gitem-post-data vc_gitem-post-data-source-post_excerpt\" ><p style=\"text-align: left\" >Betterma\u0146i no Mendenes bija zemnieki pirms simts gadiem un ar\u012b ilgi pirms tam. Viss cits b\u016btu bijis visneparast\u0101kais, pat 1911. gad\u0101. Jo, iz\u0146emot zemniekus un ar\u0101jus, \u0161eit nebija gandr\u012bz nevienas citas profesijas. Maz kas ir main\u012bjies kop\u0161 1659. gada, kad vienpadsmit gadus p\u0113c Tr\u012bsdesmitgadu kara beig\u0101m Bettermans pirmo reizi par\u0101d\u0101s dokumentos, kas attiecas uz zemnieku [...]<\/p><\/div><\/div><\/div><\/div><\/div><\/div><\/div><div class=\"vc_clearfix\"><\/div><\/div><\/div><\/div>\n\t<\/div>\n<\/div><\/div><\/div><\/div><\/div><\/div>\n","protected":false},"excerpt":{"rendered":"","protected":false},"author":1,"featured_media":0,"parent":5069,"menu_order":13,"comment_status":"closed","ping_status":"closed","template":"","meta":{"ngg_post_thumbnail":0,"footnotes":""},"class_list":["post-5207","page","type-page","status-publish","hentry"],"yoast_head":"<!-- This site is optimized with the Yoast SEO plugin v25.2 - https:\/\/yoast.com\/wordpress\/plugins\/seo\/ -->\n<title>Zibensaizsardz\u012bba - ACDC Group, SIA<\/title>\n<meta name=\"description\" content=\"Zibensaizsardz\u012bba\" \/>\n<meta name=\"robots\" content=\"index, follow, max-snippet:-1, max-image-preview:large, max-video-preview:-1\" \/>\n<link rel=\"canonical\" href=\"https:\/\/apgaismojums.lv\/en\/products\/lightning-protection\" \/>\n<meta property=\"og:locale\" content=\"en_GB\" \/>\n<meta property=\"og:type\" content=\"article\" \/>\n<meta property=\"og:title\" content=\"Zibensaizsardz\u012bba - ACDC Group, SIA\" \/>\n<meta property=\"og:description\" content=\"Zibensaizsardz\u012bba\" \/>\n<meta property=\"og:url\" content=\"https:\/\/apgaismojums.lv\/en\/products\/lightning-protection\" \/>\n<meta property=\"og:site_name\" content=\"ACDC Group, SIA\" \/>\n<meta property=\"article:modified_time\" content=\"2023-06-07T17:17:47+00:00\" \/>\n<meta name=\"twitter:card\" content=\"summary_large_image\" \/>\n<script type=\"application\/ld+json\" class=\"yoast-schema-graph\">{\"@context\":\"https:\/\/schema.org\",\"@graph\":[{\"@type\":\"WebPage\",\"@id\":\"https:\/\/apgaismojums.lv\/produkti\/zibensaizsardziba\",\"url\":\"https:\/\/apgaismojums.lv\/produkti\/zibensaizsardziba\",\"name\":\"Zibensaizsardz\u012bba - ACDC Group, SIA\",\"isPartOf\":{\"@id\":\"https:\/\/apgaismojums.lv\/#website\"},\"datePublished\":\"2023-02-28T12:07:36+00:00\",\"dateModified\":\"2023-06-07T17:17:47+00:00\",\"description\":\"Zibensaizsardz\u012bba\",\"breadcrumb\":{\"@id\":\"https:\/\/apgaismojums.lv\/produkti\/zibensaizsardziba#breadcrumb\"},\"inLanguage\":\"en-GB\",\"potentialAction\":[{\"@type\":\"ReadAction\",\"target\":[\"https:\/\/apgaismojums.lv\/produkti\/zibensaizsardziba\"]}]},{\"@type\":\"BreadcrumbList\",\"@id\":\"https:\/\/apgaismojums.lv\/produkti\/zibensaizsardziba#breadcrumb\",\"itemListElement\":[{\"@type\":\"ListItem\",\"position\":1,\"name\":\"Home\",\"item\":\"https:\/\/apgaismojums.lv\/\"},{\"@type\":\"ListItem\",\"position\":2,\"name\":\"Produkti\",\"item\":\"https:\/\/apgaismojums.lv\/produkti\"},{\"@type\":\"ListItem\",\"position\":3,\"name\":\"Zibensaizsardz\u012bba\"}]},{\"@type\":\"WebSite\",\"@id\":\"https:\/\/apgaismojums.lv\/#website\",\"url\":\"https:\/\/apgaismojums.lv\/\",\"name\":\"ACDC Group, SIA\",\"description\":\"apgaismojuma risin\u0101jumi\",\"publisher\":{\"@id\":\"https:\/\/apgaismojums.lv\/#organization\"},\"potentialAction\":[{\"@type\":\"SearchAction\",\"target\":{\"@type\":\"EntryPoint\",\"urlTemplate\":\"https:\/\/apgaismojums.lv\/?s={search_term_string}\"},\"query-input\":{\"@type\":\"PropertyValueSpecification\",\"valueRequired\":true,\"valueName\":\"search_term_string\"}}],\"inLanguage\":\"en-GB\"},{\"@type\":\"Organization\",\"@id\":\"https:\/\/apgaismojums.lv\/#organization\",\"name\":\"Apgaismojums\",\"url\":\"https:\/\/apgaismojums.lv\/\",\"logo\":{\"@type\":\"ImageObject\",\"inLanguage\":\"en-GB\",\"@id\":\"https:\/\/apgaismojums.lv\/#\/schema\/logo\/image\/\",\"url\":\"https:\/\/apgaismojums.lv\/wp-content\/uploads\/2021\/03\/logo.png\",\"contentUrl\":\"https:\/\/apgaismojums.lv\/wp-content\/uploads\/2021\/03\/logo.png\",\"width\":372,\"height\":120,\"caption\":\"Apgaismojums\"},\"image\":{\"@id\":\"https:\/\/apgaismojums.lv\/#\/schema\/logo\/image\/\"}}]}<\/script>\n<!-- \/ Yoast SEO plugin. -->","yoast_head_json":{"title":"Zibensaizsardz\u012bba - ACDC Group, SIA","description":"Lightning protection","robots":{"index":"index","follow":"follow","max-snippet":"max-snippet:-1","max-image-preview":"max-image-preview:large","max-video-preview":"max-video-preview:-1"},"canonical":"https:\/\/apgaismojums.lv\/en\/products\/lightning-protection","og_locale":"en_GB","og_type":"article","og_title":"Zibensaizsardz\u012bba - ACDC Group, SIA","og_description":"Zibensaizsardz\u012bba","og_url":"https:\/\/apgaismojums.lv\/en\/products\/lightning-protection","og_site_name":"ACDC Group, SIA","article_modified_time":"2023-06-07T17:17:47+00:00","twitter_card":"summary_large_image","schema":{"@context":"https:\/\/schema.org","@graph":[{"@type":"WebPage","@id":"https:\/\/apgaismojums.lv\/produkti\/zibensaizsardziba","url":"https:\/\/apgaismojums.lv\/produkti\/zibensaizsardziba","name":"Zibensaizsardz\u012bba - ACDC Group, SIA","isPartOf":{"@id":"https:\/\/apgaismojums.lv\/#website"},"datePublished":"2023-02-28T12:07:36+00:00","dateModified":"2023-06-07T17:17:47+00:00","description":"Lightning protection","breadcrumb":{"@id":"https:\/\/apgaismojums.lv\/produkti\/zibensaizsardziba#breadcrumb"},"inLanguage":"en-GB","potentialAction":[{"@type":"ReadAction","target":["https:\/\/apgaismojums.lv\/produkti\/zibensaizsardziba"]}]},{"@type":"BreadcrumbList","@id":"https:\/\/apgaismojums.lv\/produkti\/zibensaizsardziba#breadcrumb","itemListElement":[{"@type":"ListItem","position":1,"name":"Home","item":"https:\/\/apgaismojums.lv\/"},{"@type":"ListItem","position":2,"name":"Produkti","item":"https:\/\/apgaismojums.lv\/produkti"},{"@type":"ListItem","position":3,"name":"Zibensaizsardz\u012bba"}]},{"@type":"WebSite","@id":"https:\/\/apgaismojums.lv\/#website","url":"https:\/\/apgaismojums.lv\/","name":"ACDC Group, SIA","description":"lighting solutions","publisher":{"@id":"https:\/\/apgaismojums.lv\/#organization"},"potentialAction":[{"@type":"SearchAction","target":{"@type":"EntryPoint","urlTemplate":"https:\/\/apgaismojums.lv\/?s={search_term_string}"},"query-input":{"@type":"PropertyValueSpecification","valueRequired":true,"valueName":"search_term_string"}}],"inLanguage":"en-GB"},{"@type":"Organization","@id":"https:\/\/apgaismojums.lv\/#organization","name":"Lighting","url":"https:\/\/apgaismojums.lv\/","logo":{"@type":"ImageObject","inLanguage":"en-GB","@id":"https:\/\/apgaismojums.lv\/#\/schema\/logo\/image\/","url":"https:\/\/apgaismojums.lv\/wp-content\/uploads\/2021\/03\/logo.png","contentUrl":"https:\/\/apgaismojums.lv\/wp-content\/uploads\/2021\/03\/logo.png","width":372,"height":120,"caption":"Apgaismojums"},"image":{"@id":"https:\/\/apgaismojums.lv\/#\/schema\/logo\/image\/"}}]}},"_links":{"self":[{"href":"https:\/\/apgaismojums.lv\/en\/wp-json\/wp\/v2\/pages\/5207"}],"collection":[{"href":"https:\/\/apgaismojums.lv\/en\/wp-json\/wp\/v2\/pages"}],"about":[{"href":"https:\/\/apgaismojums.lv\/en\/wp-json\/wp\/v2\/types\/page"}],"author":[{"embeddable":true,"href":"https:\/\/apgaismojums.lv\/en\/wp-json\/wp\/v2\/users\/1"}],"replies":[{"embeddable":true,"href":"https:\/\/apgaismojums.lv\/en\/wp-json\/wp\/v2\/comments?post=5207"}],"version-history":[{"count":0,"href":"https:\/\/apgaismojums.lv\/en\/wp-json\/wp\/v2\/pages\/5207\/revisions"}],"up":[{"embeddable":true,"href":"https:\/\/apgaismojums.lv\/en\/wp-json\/wp\/v2\/pages\/5069"}],"wp:attachment":[{"href":"https:\/\/apgaismojums.lv\/en\/wp-json\/wp\/v2\/media?parent=5207"}],"curies":[{"name":"wp","href":"https:\/\/api.w.org\/{rel}","templated":true}]}}