{"id":5192,"date":"2023-02-28T14:00:23","date_gmt":"2023-02-28T12:00:23","guid":{"rendered":"https:\/\/apgaismojums.lv\/?page_id=5192"},"modified":"2023-06-07T20:17:15","modified_gmt":"2023-06-07T17:17:15","slug":"sensors","status":"publish","type":"page","link":"https:\/\/apgaismojums.lv\/en\/products\/sensors","title":{"rendered":"Sensors"},"content":{"rendered":"<div class=\"fullwidth\"><div class=\"vc_row wpb_row vc_row-fluid\"><div class=\"wpb_column vc_column_container vc_col-sm-12\"><div class=\"vc_column-inner\"><div class=\"wpb_wrapper\">\n<div class=\"vc_grid-container-wrapper vc_clearfix\">\n\t<div class=\"vc_grid-container vc_clearfix wpb_content_element vc_basic_grid\" data-initial-loading-animation=\"fadeIn\" data-vc-grid-settings=\"{&quot;page_id&quot;:5192,&quot;style&quot;:&quot;all&quot;,&quot;action&quot;:&quot;vc_get_vc_grid_data&quot;,&quot;shortcode_id&quot;:&quot;1686158191529-94bd68ca-42b5-6&quot;,&quot;tag&quot;:&quot;vc_basic_grid&quot;}\" data-vc-request=\"https:\/\/apgaismojums.lv\/wp-admin\/admin-ajax.php\" data-vc-post-id=\"5192\" data-vc-public-nonce=\"d0c100e039\">\n\t\t<style data-type=\"vc_shortcodes-custom-css\">.vc_custom_1419328927507{background-color: #f4f4f4 !important;}<\/style><div class=\"vc_grid vc_row vc_grid-gutter-30px vc_pageable-wrapper vc_hook_hover\" data-vc-pageable-content=\"true\"><div class=\"vc_pageable-slide-wrapper vc_clearfix\" data-vc-grid-content=\"true\"><div class=\"vc_grid-item vc_clearfix vc_col-sm-4\"><div class=\"vc_grid-item-mini vc_clearfix \"><div class=\"vc_gitem-animated-block  vc_gitem-animate vc_gitem-animate-slideInRight\"  data-vc-animation=\"slideInRight\"\"><div class=\"vc_gitem-zone vc_gitem-zone-a\" style=\"background-image: url('https:\/\/apgaismojums.lv\/wp-content\/uploads\/2023\/03\/Steinel.jpg') !important;\"><img decoding=\"async\" src=\"https:\/\/apgaismojums.lv\/wp-content\/uploads\/2023\/03\/Steinel.jpg\" class=\"vc_gitem-zone-img\" alt=\"\"><div class=\"vc_gitem-zone-mini\"><\/div><\/div><div class=\"vc_gitem-zone vc_gitem-zone-b vc_custom_1419328927507 vc-gitem-zone-height-mode-auto vc_gitem-is-link\"><a href=\"https:\/\/apgaismojums.lv\/en\/steinel\" title=\"Steinel\" class=\"vc_gitem-link vc-zone-link\"><\/a><div class=\"vc_gitem-zone-mini\"><div class=\"vc_gitem_row vc_row vc_gitem-row-position-top\"><div class=\"vc_col-sm-12 vc_gitem-col vc_gitem-col-align-\"><div class=\"vc_custom_heading vc_gitem-post-data vc_gitem-post-data-source-post_title\" ><h4 style=\"text-align: left\" >Steinel<\/h4><\/div><div class=\"vc_separator wpb_content_element vc_separator_align_center vc_sep_width_50 vc_sep_border_width_2 vc_sep_pos_align_left vc_separator_no_text vc_sep_color_black\" ><span class=\"vc_sep_holder vc_sep_holder_l\"><span  class=\"vc_sep_line\"><\/span><\/span><span class=\"vc_sep_holder vc_sep_holder_r\"><span  class=\"vc_sep_line\"><\/span><\/span>\n<\/div><div class=\"vc_custom_heading vc_gitem-post-data vc_gitem-post-data-source-post_excerpt\" ><p style=\"text-align: left\" >STEINEL \u2013 sensoru sist\u0113mu, sensoru komut\u0101cijas apgaismojuma un siltuma instrumentu speci\u0101lists. M\u016bsu inov\u0101ciju idejas ir balst\u012btas uz vienk\u0101r\u0161u principu: m\u0113s dom\u0101jam \u0101rpus kastes un r\u016bp\u012bgi p\u0101rbaud\u0101m lietas, kas tiek uzskat\u012btas par pa\u0161saprotam\u0101m \u2014 vienm\u0113r dialog\u0101 ar klientiem, pat\u0113r\u0113t\u0101jiem un m\u016bsu 1600 darbiniekiem no vair\u0101k nek\u0101 20 valst\u012bm. M\u0101jas lapa: https:\/\/www.steinel.de Adrese: -<\/p><\/div><\/div><\/div><\/div><\/div><\/div><\/div><div class=\"vc_clearfix\"><\/div><\/div><div class=\"vc_grid-item vc_clearfix vc_col-sm-4\"><div class=\"vc_grid-item-mini vc_clearfix \"><div class=\"vc_gitem-animated-block  vc_gitem-animate vc_gitem-animate-slideInRight\"  data-vc-animation=\"slideInRight\"\"><div class=\"vc_gitem-zone vc_gitem-zone-a\" style=\"background-image: url('https:\/\/apgaismojums.lv\/wp-content\/uploads\/2023\/03\/Esylux.jpg') !important;\"><img decoding=\"async\" src=\"https:\/\/apgaismojums.lv\/wp-content\/uploads\/2023\/03\/Esylux.jpg\" class=\"vc_gitem-zone-img\" alt=\"\"><div class=\"vc_gitem-zone-mini\"><\/div><\/div><div class=\"vc_gitem-zone vc_gitem-zone-b vc_custom_1419328927507 vc-gitem-zone-height-mode-auto vc_gitem-is-link\"><a href=\"https:\/\/apgaismojums.lv\/en\/esylux\" title=\"Esylux\" class=\"vc_gitem-link vc-zone-link\"><\/a><div class=\"vc_gitem-zone-mini\"><div class=\"vc_gitem_row vc_row vc_gitem-row-position-top\"><div class=\"vc_col-sm-12 vc_gitem-col vc_gitem-col-align-\"><div class=\"vc_custom_heading vc_gitem-post-data vc_gitem-post-data-source-post_title\" ><h4 style=\"text-align: left\" >Esylux<\/h4><\/div><div class=\"vc_separator wpb_content_element vc_separator_align_center vc_sep_width_50 vc_sep_border_width_2 vc_sep_pos_align_left vc_separator_no_text vc_sep_color_black\" ><span class=\"vc_sep_holder vc_sep_holder_l\"><span  class=\"vc_sep_line\"><\/span><\/span><span class=\"vc_sep_holder vc_sep_holder_r\"><span  class=\"vc_sep_line\"><\/span><\/span>\n<\/div><div class=\"vc_custom_heading vc_gitem-post-data vc_gitem-post-data-source-post_excerpt\" ><p style=\"text-align: left\" >ESYLUX izstr\u0101d\u0101, ra\u017eo un izplata inteli\u0123entus automatiz\u0101cijas un apgaismojuma risin\u0101jumus, kas nodro\u0161ina lab\u0101ku dz\u012bves kvalit\u0101ti un energoefektivit\u0101ti biroju \u0113k\u0101s, izgl\u012bt\u012bbas iest\u0101d\u0113s un vesel\u012bbas iest\u0101d\u0113s. M\u016bsu darb\u012bbas pamat\u0101 ir cilv\u0113ku pras\u012bbas un vajadz\u012bbas. Lai izpild\u012btu \u0161o standartu, m\u0113s izmantojam savu pieredzi elektronikas un automatiz\u0101cijas jom\u0101, lai izstr\u0101d\u0101tu t\u0101das jomas k\u0101 LED sist\u0113mas energoefekt\u012bvai, biolo\u0123iski efekt\u012bvai gaismai. [...]<\/p><\/div><\/div><\/div><\/div><\/div><\/div><\/div><div class=\"vc_clearfix\"><\/div><\/div><div class=\"vc_grid-item vc_clearfix vc_col-sm-4\"><div class=\"vc_grid-item-mini vc_clearfix \"><div class=\"vc_gitem-animated-block  vc_gitem-animate vc_gitem-animate-slideInRight\"  data-vc-animation=\"slideInRight\"\"><div class=\"vc_gitem-zone vc_gitem-zone-a\" style=\"background-image: url('https:\/\/apgaismojums.lv\/wp-content\/uploads\/2023\/03\/Kanlux.jpg') !important;\"><img decoding=\"async\" src=\"https:\/\/apgaismojums.lv\/wp-content\/uploads\/2023\/03\/Kanlux.jpg\" class=\"vc_gitem-zone-img\" alt=\"\"><div class=\"vc_gitem-zone-mini\"><\/div><\/div><div class=\"vc_gitem-zone vc_gitem-zone-b vc_custom_1419328927507 vc-gitem-zone-height-mode-auto vc_gitem-is-link\"><a href=\"https:\/\/apgaismojums.lv\/en\/kanlux\" title=\"Kanlux\" class=\"vc_gitem-link vc-zone-link\"><\/a><div class=\"vc_gitem-zone-mini\"><div class=\"vc_gitem_row vc_row vc_gitem-row-position-top\"><div class=\"vc_col-sm-12 vc_gitem-col vc_gitem-col-align-\"><div class=\"vc_custom_heading vc_gitem-post-data vc_gitem-post-data-source-post_title\" ><h4 style=\"text-align: left\" >Kanlux<\/h4><\/div><div class=\"vc_separator wpb_content_element vc_separator_align_center vc_sep_width_50 vc_sep_border_width_2 vc_sep_pos_align_left vc_separator_no_text vc_sep_color_black\" ><span class=\"vc_sep_holder vc_sep_holder_l\"><span  class=\"vc_sep_line\"><\/span><\/span><span class=\"vc_sep_holder vc_sep_holder_r\"><span  class=\"vc_sep_line\"><\/span><\/span>\n<\/div><div class=\"vc_custom_heading vc_gitem-post-data vc_gitem-post-data-source-post_excerpt\" ><p style=\"text-align: left\" >M\u0113s esam viens no vado\u0161ajiem Eiropas uz\u0146\u0113mumiem apgaismojuma nozar\u0113. M\u016bsu kl\u0101st\u0101 j\u016bs atrad\u012bsiet produktus, kas paspilgtin\u0101s j\u016bsu dienu un nakti. Tie tiek ra\u017eoti Polij\u0101, \u0101rzem\u0113s un m\u016bsu dzimtaj\u0101 Kanlux r\u016bpn\u012bc\u0101. Noskatieties video, lai iepaz\u012btu m\u016bs tuv\u0101k. M\u0101jas lapa: https:\/\/www.kanlux.com Adrese: Ul. Objazdowa 1-3, 41-922 Radzionk\u00f3w<\/p><\/div><\/div><\/div><\/div><\/div><\/div><\/div><div class=\"vc_clearfix\"><\/div><\/div><div class=\"vc_grid-item vc_clearfix vc_col-sm-4\"><div class=\"vc_grid-item-mini vc_clearfix \"><div class=\"vc_gitem-animated-block  vc_gitem-animate vc_gitem-animate-slideInRight\"  data-vc-animation=\"slideInRight\"\"><div class=\"vc_gitem-zone vc_gitem-zone-a\" style=\"background-image: url('https:\/\/apgaismojums.lv\/wp-content\/uploads\/2024\/10\/Theben.jpg') !important;\"><img decoding=\"async\" src=\"https:\/\/apgaismojums.lv\/wp-content\/uploads\/2024\/10\/Theben.jpg\" class=\"vc_gitem-zone-img\" alt=\"\"><div class=\"vc_gitem-zone-mini\"><\/div><\/div><div class=\"vc_gitem-zone vc_gitem-zone-b vc_custom_1419328927507 vc-gitem-zone-height-mode-auto vc_gitem-is-link\"><a href=\"https:\/\/apgaismojums.lv\/en\/theben\" title=\"Theben\" class=\"vc_gitem-link vc-zone-link\"><\/a><div class=\"vc_gitem-zone-mini\"><div class=\"vc_gitem_row vc_row vc_gitem-row-position-top\"><div class=\"vc_col-sm-12 vc_gitem-col vc_gitem-col-align-\"><div class=\"vc_custom_heading vc_gitem-post-data vc_gitem-post-data-source-post_title\" ><h4 style=\"text-align: left\" >Theben<\/h4><\/div><div class=\"vc_separator wpb_content_element vc_separator_align_center vc_sep_width_50 vc_sep_border_width_2 vc_sep_pos_align_left vc_separator_no_text vc_sep_color_black\" ><span class=\"vc_sep_holder vc_sep_holder_l\"><span  class=\"vc_sep_line\"><\/span><\/span><span class=\"vc_sep_holder vc_sep_holder_r\"><span  class=\"vc_sep_line\"><\/span><\/span>\n<\/div><div class=\"vc_custom_heading vc_gitem-post-data vc_gitem-post-data-source-post_excerpt\" ><p style=\"text-align: left\" >Laipni l\u016bdzam Theben: kust\u012bbu detektoru, KNX \u0113ku sist\u0113mu tehnolo\u0123iju un daudz ko citu eksperti Aiz katra m\u016bsu produkta un sist\u0113mas sl\u0113pjas ideja izmantot ener\u0123iju tikai tad, kad tas ir absol\u016bti nepiecie\u0161ams: vai t\u0101 b\u016btu autom\u0101tiska gaismas kontrole ar kl\u0101tb\u016btnes un kust\u012bbu detektoriem vai LED pro\u017eektori, gaismas kontrole ar dimmeru un k\u0101p\u0146u telpas laika sl\u0113d\u017eiem vai [...]<\/p><\/div><\/div><\/div><\/div><\/div><\/div><\/div><div class=\"vc_clearfix\"><\/div><\/div><\/div><\/div>\n\t<\/div>\n<\/div><\/div><\/div><\/div><\/div><\/div>\n","protected":false},"excerpt":{"rendered":"Esylux ESYLUX izstr\u0101d\u0101, ra\u017eo un izplata inteli\u0123entus automatiz\u0101cijas un apgaismojuma risin\u0101jumus, kas nodro\u0161ina lab\u0101ku dz\u012bves kvalit\u0101ti un energoefektivit\u0101ti biroju \u0113k\u0101s, izgl\u012bt\u012bbas iest\u0101d\u0113s un vesel\u012bbas iest\u0101d\u0113s. M\u016bsu darb\u012bbas pamat\u0101 ir cilv\u0113ku pras\u012bbas un vajadz\u012bbas. Lai izpild\u012btu \u0161o standartu, m\u0113s izmantojam savu pieredzi elektronikas un automatiz\u0101cijas jom\u0101, lai izstr\u0101d\u0101tu t\u0101das jomas k\u0101 LED sist\u0113mas energoefekt\u012bvai, biolo\u0123iski efekt\u012bvai [...]","protected":false},"author":1,"featured_media":0,"parent":5069,"menu_order":11,"comment_status":"closed","ping_status":"closed","template":"","meta":{"ngg_post_thumbnail":0,"footnotes":""},"class_list":["post-5192","page","type-page","status-publish","hentry"],"yoast_head":"<!-- This site is optimized with the Yoast SEO plugin v25.2 - https:\/\/yoast.com\/wordpress\/plugins\/seo\/ -->\n<title>Sensori - ACDC Group, SIA<\/title>\n<meta name=\"description\" content=\"Profesion\u0101lais, interjera, biroju, veikalu, m\u0101c\u012bbu telpu, noliktavu, un cits apgaismojums\" \/>\n<meta name=\"robots\" content=\"index, follow, max-snippet:-1, max-image-preview:large, max-video-preview:-1\" \/>\n<link rel=\"canonical\" href=\"https:\/\/apgaismojums.lv\/en\/products\/sensors\" \/>\n<meta property=\"og:locale\" content=\"en_GB\" \/>\n<meta property=\"og:type\" content=\"article\" \/>\n<meta property=\"og:title\" content=\"Sensori - ACDC Group, SIA\" \/>\n<meta property=\"og:description\" content=\"Profesion\u0101lais, interjera, biroju, veikalu, m\u0101c\u012bbu telpu, noliktavu, un cits apgaismojums\" \/>\n<meta property=\"og:url\" content=\"https:\/\/apgaismojums.lv\/en\/products\/sensors\" \/>\n<meta property=\"og:site_name\" content=\"ACDC Group, SIA\" \/>\n<meta property=\"article:modified_time\" content=\"2023-06-07T17:17:15+00:00\" \/>\n<meta name=\"twitter:card\" content=\"summary_large_image\" \/>\n<script type=\"application\/ld+json\" class=\"yoast-schema-graph\">{\"@context\":\"https:\/\/schema.org\",\"@graph\":[{\"@type\":\"WebPage\",\"@id\":\"https:\/\/apgaismojums.lv\/produkti\/sensori-2\",\"url\":\"https:\/\/apgaismojums.lv\/produkti\/sensori-2\",\"name\":\"Sensori - ACDC Group, SIA\",\"isPartOf\":{\"@id\":\"https:\/\/apgaismojums.lv\/#website\"},\"datePublished\":\"2023-02-28T12:00:23+00:00\",\"dateModified\":\"2023-06-07T17:17:15+00:00\",\"description\":\"Profesion\u0101lais, interjera, biroju, veikalu, m\u0101c\u012bbu telpu, noliktavu, un cits apgaismojums\",\"breadcrumb\":{\"@id\":\"https:\/\/apgaismojums.lv\/produkti\/sensori-2#breadcrumb\"},\"inLanguage\":\"en-GB\",\"potentialAction\":[{\"@type\":\"ReadAction\",\"target\":[\"https:\/\/apgaismojums.lv\/produkti\/sensori-2\"]}]},{\"@type\":\"BreadcrumbList\",\"@id\":\"https:\/\/apgaismojums.lv\/produkti\/sensori-2#breadcrumb\",\"itemListElement\":[{\"@type\":\"ListItem\",\"position\":1,\"name\":\"Home\",\"item\":\"https:\/\/apgaismojums.lv\/\"},{\"@type\":\"ListItem\",\"position\":2,\"name\":\"Produkti\",\"item\":\"https:\/\/apgaismojums.lv\/produkti\"},{\"@type\":\"ListItem\",\"position\":3,\"name\":\"Sensori\"}]},{\"@type\":\"WebSite\",\"@id\":\"https:\/\/apgaismojums.lv\/#website\",\"url\":\"https:\/\/apgaismojums.lv\/\",\"name\":\"ACDC Group, SIA\",\"description\":\"apgaismojuma risin\u0101jumi\",\"publisher\":{\"@id\":\"https:\/\/apgaismojums.lv\/#organization\"},\"potentialAction\":[{\"@type\":\"SearchAction\",\"target\":{\"@type\":\"EntryPoint\",\"urlTemplate\":\"https:\/\/apgaismojums.lv\/?s={search_term_string}\"},\"query-input\":{\"@type\":\"PropertyValueSpecification\",\"valueRequired\":true,\"valueName\":\"search_term_string\"}}],\"inLanguage\":\"en-GB\"},{\"@type\":\"Organization\",\"@id\":\"https:\/\/apgaismojums.lv\/#organization\",\"name\":\"Apgaismojums\",\"url\":\"https:\/\/apgaismojums.lv\/\",\"logo\":{\"@type\":\"ImageObject\",\"inLanguage\":\"en-GB\",\"@id\":\"https:\/\/apgaismojums.lv\/#\/schema\/logo\/image\/\",\"url\":\"https:\/\/apgaismojums.lv\/wp-content\/uploads\/2021\/03\/logo.png\",\"contentUrl\":\"https:\/\/apgaismojums.lv\/wp-content\/uploads\/2021\/03\/logo.png\",\"width\":372,\"height\":120,\"caption\":\"Apgaismojums\"},\"image\":{\"@id\":\"https:\/\/apgaismojums.lv\/#\/schema\/logo\/image\/\"}}]}<\/script>\n<!-- \/ Yoast SEO plugin. -->","yoast_head_json":{"title":"Sensori - ACDC Group, SIA","description":"Profesion\u0101lais, interjera, biroju, veikalu, m\u0101c\u012bbu telpu, noliktavu, un cits apgaismojums","robots":{"index":"index","follow":"follow","max-snippet":"max-snippet:-1","max-image-preview":"max-image-preview:large","max-video-preview":"max-video-preview:-1"},"canonical":"https:\/\/apgaismojums.lv\/en\/products\/sensors","og_locale":"en_GB","og_type":"article","og_title":"Sensori - ACDC Group, SIA","og_description":"Profesion\u0101lais, interjera, biroju, veikalu, m\u0101c\u012bbu telpu, noliktavu, un cits apgaismojums","og_url":"https:\/\/apgaismojums.lv\/en\/products\/sensors","og_site_name":"ACDC Group, SIA","article_modified_time":"2023-06-07T17:17:15+00:00","twitter_card":"summary_large_image","schema":{"@context":"https:\/\/schema.org","@graph":[{"@type":"WebPage","@id":"https:\/\/apgaismojums.lv\/produkti\/sensori-2","url":"https:\/\/apgaismojums.lv\/produkti\/sensori-2","name":"Sensori - ACDC Group, SIA","isPartOf":{"@id":"https:\/\/apgaismojums.lv\/#website"},"datePublished":"2023-02-28T12:00:23+00:00","dateModified":"2023-06-07T17:17:15+00:00","description":"Profesion\u0101lais, interjera, biroju, veikalu, m\u0101c\u012bbu telpu, noliktavu, un cits apgaismojums","breadcrumb":{"@id":"https:\/\/apgaismojums.lv\/produkti\/sensori-2#breadcrumb"},"inLanguage":"en-GB","potentialAction":[{"@type":"ReadAction","target":["https:\/\/apgaismojums.lv\/produkti\/sensori-2"]}]},{"@type":"BreadcrumbList","@id":"https:\/\/apgaismojums.lv\/produkti\/sensori-2#breadcrumb","itemListElement":[{"@type":"ListItem","position":1,"name":"Home","item":"https:\/\/apgaismojums.lv\/"},{"@type":"ListItem","position":2,"name":"Produkti","item":"https:\/\/apgaismojums.lv\/produkti"},{"@type":"ListItem","position":3,"name":"Sensori"}]},{"@type":"WebSite","@id":"https:\/\/apgaismojums.lv\/#website","url":"https:\/\/apgaismojums.lv\/","name":"ACDC Group, SIA","description":"lighting solutions","publisher":{"@id":"https:\/\/apgaismojums.lv\/#organization"},"potentialAction":[{"@type":"SearchAction","target":{"@type":"EntryPoint","urlTemplate":"https:\/\/apgaismojums.lv\/?s={search_term_string}"},"query-input":{"@type":"PropertyValueSpecification","valueRequired":true,"valueName":"search_term_string"}}],"inLanguage":"en-GB"},{"@type":"Organization","@id":"https:\/\/apgaismojums.lv\/#organization","name":"Lighting","url":"https:\/\/apgaismojums.lv\/","logo":{"@type":"ImageObject","inLanguage":"en-GB","@id":"https:\/\/apgaismojums.lv\/#\/schema\/logo\/image\/","url":"https:\/\/apgaismojums.lv\/wp-content\/uploads\/2021\/03\/logo.png","contentUrl":"https:\/\/apgaismojums.lv\/wp-content\/uploads\/2021\/03\/logo.png","width":372,"height":120,"caption":"Apgaismojums"},"image":{"@id":"https:\/\/apgaismojums.lv\/#\/schema\/logo\/image\/"}}]}},"_links":{"self":[{"href":"https:\/\/apgaismojums.lv\/en\/wp-json\/wp\/v2\/pages\/5192"}],"collection":[{"href":"https:\/\/apgaismojums.lv\/en\/wp-json\/wp\/v2\/pages"}],"about":[{"href":"https:\/\/apgaismojums.lv\/en\/wp-json\/wp\/v2\/types\/page"}],"author":[{"embeddable":true,"href":"https:\/\/apgaismojums.lv\/en\/wp-json\/wp\/v2\/users\/1"}],"replies":[{"embeddable":true,"href":"https:\/\/apgaismojums.lv\/en\/wp-json\/wp\/v2\/comments?post=5192"}],"version-history":[{"count":0,"href":"https:\/\/apgaismojums.lv\/en\/wp-json\/wp\/v2\/pages\/5192\/revisions"}],"up":[{"embeddable":true,"href":"https:\/\/apgaismojums.lv\/en\/wp-json\/wp\/v2\/pages\/5069"}],"wp:attachment":[{"href":"https:\/\/apgaismojums.lv\/en\/wp-json\/wp\/v2\/media?parent=5192"}],"curies":[{"name":"wp","href":"https:\/\/api.w.org\/{rel}","templated":true}]}}