{"id":5186,"date":"2023-02-28T13:56:46","date_gmt":"2023-02-28T11:56:46","guid":{"rendered":"https:\/\/apgaismojums.lv\/?page_id=5186"},"modified":"2023-06-07T20:16:42","modified_gmt":"2023-06-07T17:16:42","slug":"cables-and-wires","status":"publish","type":"page","link":"https:\/\/apgaismojums.lv\/en\/products\/cables-and-wires","title":{"rendered":"Cables and wires"},"content":{"rendered":"<div class=\"fullwidth\"><div class=\"vc_row wpb_row vc_row-fluid\"><div class=\"wpb_column vc_column_container vc_col-sm-12\"><div class=\"vc_column-inner\"><div class=\"wpb_wrapper\">\n<div class=\"vc_grid-container-wrapper vc_clearfix\">\n\t<div class=\"vc_grid-container vc_clearfix wpb_content_element vc_basic_grid\" data-initial-loading-animation=\"fadeIn\" data-vc-grid-settings=\"{&quot;page_id&quot;:5186,&quot;style&quot;:&quot;all&quot;,&quot;action&quot;:&quot;vc_get_vc_grid_data&quot;,&quot;shortcode_id&quot;:&quot;1686158160981-ee8b70ba-3d04-6&quot;,&quot;tag&quot;:&quot;vc_basic_grid&quot;}\" data-vc-request=\"https:\/\/apgaismojums.lv\/wp-admin\/admin-ajax.php\" data-vc-post-id=\"5186\" data-vc-public-nonce=\"d0c100e039\">\n\t\t<style data-type=\"vc_shortcodes-custom-css\">.vc_custom_1419328927507{background-color: #f4f4f4 !important;}<\/style><div class=\"vc_grid vc_row vc_grid-gutter-30px vc_pageable-wrapper vc_hook_hover\" data-vc-pageable-content=\"true\"><div class=\"vc_pageable-slide-wrapper vc_clearfix\" data-vc-grid-content=\"true\"><div class=\"vc_grid-item vc_clearfix vc_col-sm-4\"><div class=\"vc_grid-item-mini vc_clearfix \"><div class=\"vc_gitem-animated-block  vc_gitem-animate vc_gitem-animate-slideInRight\"  data-vc-animation=\"slideInRight\"\"><div class=\"vc_gitem-zone vc_gitem-zone-a\" style=\"background-image: url('https:\/\/apgaismojums.lv\/wp-content\/uploads\/2023\/03\/Prakab.jpg') !important;\"><img decoding=\"async\" src=\"https:\/\/apgaismojums.lv\/wp-content\/uploads\/2023\/03\/Prakab.jpg\" class=\"vc_gitem-zone-img\" alt=\"\"><div class=\"vc_gitem-zone-mini\"><\/div><\/div><div class=\"vc_gitem-zone vc_gitem-zone-b vc_custom_1419328927507 vc-gitem-zone-height-mode-auto vc_gitem-is-link\"><a href=\"https:\/\/apgaismojums.lv\/en\/prakab\" title=\"Prakab\" class=\"vc_gitem-link vc-zone-link\"><\/a><div class=\"vc_gitem-zone-mini\"><div class=\"vc_gitem_row vc_row vc_gitem-row-position-top\"><div class=\"vc_col-sm-12 vc_gitem-col vc_gitem-col-align-\"><div class=\"vc_custom_heading vc_gitem-post-data vc_gitem-post-data-source-post_title\" ><h4 style=\"text-align: left\" >Prakab<\/h4><\/div><div class=\"vc_separator wpb_content_element vc_separator_align_center vc_sep_width_50 vc_sep_border_width_2 vc_sep_pos_align_left vc_separator_no_text vc_sep_color_black\" ><span class=\"vc_sep_holder vc_sep_holder_l\"><span  class=\"vc_sep_line\"><\/span><\/span><span class=\"vc_sep_holder vc_sep_holder_r\"><span  class=\"vc_sep_line\"><\/span><\/span>\n<\/div><div class=\"vc_custom_heading vc_gitem-post-data vc_gitem-post-data-source-post_excerpt\" ><p style=\"text-align: left\" >Entuziasms un ap\u0146\u0113m\u012bba censties sasniegt augstus nep\u0101rtrauktus uzlabojumus ir tas, kas m\u016bs virza \u0161eit, PRAKAB. M\u0113s \u013coti lepojamies ar m\u016bsu k\u0101 augst\u0101k\u0101s kvalit\u0101tes ra\u017eot\u0101ja reput\u0101ciju tirg\u016b. Par to liecina m\u016bsu lielie ra\u017eo\u0161anas apjomi un daudzie m\u016bsu ilgtermi\u0146a loj\u0101lie klienti vis\u0101 Eirop\u0101. Bet tas nav iemesls, lai m\u0113s ats\u0113stos. M\u0101jas lapa: https:\/\/www.prakab.cz Adrese: Ke Kablu 278, [...]<\/p><\/div><\/div><\/div><\/div><\/div><\/div><\/div><div class=\"vc_clearfix\"><\/div><\/div><div class=\"vc_grid-item vc_clearfix vc_col-sm-4\"><div class=\"vc_grid-item-mini vc_clearfix \"><div class=\"vc_gitem-animated-block  vc_gitem-animate vc_gitem-animate-slideInRight\"  data-vc-animation=\"slideInRight\"\"><div class=\"vc_gitem-zone vc_gitem-zone-a\" style=\"background-image: url('https:\/\/apgaismojums.lv\/wp-content\/uploads\/2023\/03\/Zamel.jpg') !important;\"><img decoding=\"async\" src=\"https:\/\/apgaismojums.lv\/wp-content\/uploads\/2023\/03\/Zamel.jpg\" class=\"vc_gitem-zone-img\" alt=\"\"><div class=\"vc_gitem-zone-mini\"><\/div><\/div><div class=\"vc_gitem-zone vc_gitem-zone-b vc_custom_1419328927507 vc-gitem-zone-height-mode-auto vc_gitem-is-link\"><a href=\"https:\/\/apgaismojums.lv\/en\/zamel\" title=\"Zamel\" class=\"vc_gitem-link vc-zone-link\"><\/a><div class=\"vc_gitem-zone-mini\"><div class=\"vc_gitem_row vc_row vc_gitem-row-position-top\"><div class=\"vc_col-sm-12 vc_gitem-col vc_gitem-col-align-\"><div class=\"vc_custom_heading vc_gitem-post-data vc_gitem-post-data-source-post_title\" ><h4 style=\"text-align: left\" >Zamel<\/h4><\/div><div class=\"vc_separator wpb_content_element vc_separator_align_center vc_sep_width_50 vc_sep_border_width_2 vc_sep_pos_align_left vc_separator_no_text vc_sep_color_black\" ><span class=\"vc_sep_holder vc_sep_holder_l\"><span  class=\"vc_sep_line\"><\/span><\/span><span class=\"vc_sep_holder vc_sep_holder_r\"><span  class=\"vc_sep_line\"><\/span><\/span>\n<\/div><div class=\"vc_custom_heading vc_gitem-post-data vc_gitem-post-data-source-post_excerpt\" ><p style=\"text-align: left\" >M\u0113s esam Polijas \u0123imenes uz\u0146\u0113mums, kas atrodas P\u0161\u010din\u0101 Jau vair\u0101k nek\u0101 30 gadus darbojamies elektrotehnikas nozares tirg\u016b, dinamiski att\u012bstoties. M\u016bsu darb\u012bbas pamats ir nodro\u0161in\u0101t augst\u0101k\u0101s kvalit\u0101tes produktus un klientu apkalpo\u0161anas standartu, priorit\u0101te - t\u0101 apmierin\u0101t\u012bba. M\u0113s uzvaram ar m\u016bsu produktu kvalit\u0101ti, cenu un m\u016bsdien\u012bgu dizainu ar sp\u0113c\u012bgiem \u0101rvalstu konkurentiem, vienlaikus populariz\u0113jot Polijas produktus un piln\u012bb\u0101 [...]<\/p><\/div><\/div><\/div><\/div><\/div><\/div><\/div><div class=\"vc_clearfix\"><\/div><\/div><div class=\"vc_grid-item vc_clearfix vc_col-sm-4\"><div class=\"vc_grid-item-mini vc_clearfix \"><div class=\"vc_gitem-animated-block  vc_gitem-animate vc_gitem-animate-slideInRight\"  data-vc-animation=\"slideInRight\"\"><div class=\"vc_gitem-zone vc_gitem-zone-a\" style=\"background-image: url('https:\/\/apgaismojums.lv\/wp-content\/uploads\/2023\/03\/LAPP.jpg') !important;\"><img decoding=\"async\" src=\"https:\/\/apgaismojums.lv\/wp-content\/uploads\/2023\/03\/LAPP.jpg\" class=\"vc_gitem-zone-img\" alt=\"\"><div class=\"vc_gitem-zone-mini\"><\/div><\/div><div class=\"vc_gitem-zone vc_gitem-zone-b vc_custom_1419328927507 vc-gitem-zone-height-mode-auto vc_gitem-is-link\"><a href=\"https:\/\/apgaismojums.lv\/en\/lapp\" title=\"LAPP\" class=\"vc_gitem-link vc-zone-link\"><\/a><div class=\"vc_gitem-zone-mini\"><div class=\"vc_gitem_row vc_row vc_gitem-row-position-top\"><div class=\"vc_col-sm-12 vc_gitem-col vc_gitem-col-align-\"><div class=\"vc_custom_heading vc_gitem-post-data vc_gitem-post-data-source-post_title\" ><h4 style=\"text-align: left\" >LAPP<\/h4><\/div><div class=\"vc_separator wpb_content_element vc_separator_align_center vc_sep_width_50 vc_sep_border_width_2 vc_sep_pos_align_left vc_separator_no_text vc_sep_color_black\" ><span class=\"vc_sep_holder vc_sep_holder_l\"><span  class=\"vc_sep_line\"><\/span><\/span><span class=\"vc_sep_holder vc_sep_holder_r\"><span  class=\"vc_sep_line\"><\/span><\/span>\n<\/div><div class=\"vc_custom_heading vc_gitem-post-data vc_gitem-post-data-source-post_excerpt\" ><p style=\"text-align: left\" >LAPP: \u0161is nosaukums apz\u012bm\u0113 inovat\u012bvus savienojumu risin\u0101jumus, kas nav l\u012bdz\u012bgi citiem. M\u016bsu z\u012bmols noz\u012bm\u0113 kvalit\u0101ti, klientu apkalpo\u0161anu un dzi\u013cu izpratni par nozar\u0113m un lietojumiem, kur\u0101s tiek izmantoti m\u016bsu produkti. M\u0113s esam pasaules tirgus l\u012bderi, pieg\u0101d\u0101jot visu, s\u0101kot no kabe\u013ciem, savienot\u0101jiem un piederumiem l\u012bdz piln\u012bb\u0101 integr\u0113tiem savienojumu risin\u0101jumiem. LAPP produkti tiek izmantoti ra\u017eo\u0161anas iek\u0101rt\u0101s, industri\u0101lajos robotos, [...]<\/p><\/div><\/div><\/div><\/div><\/div><\/div><\/div><div class=\"vc_clearfix\"><\/div><\/div><div class=\"vc_grid-item vc_clearfix vc_col-sm-4\"><div class=\"vc_grid-item-mini vc_clearfix \"><div class=\"vc_gitem-animated-block  vc_gitem-animate vc_gitem-animate-slideInRight\"  data-vc-animation=\"slideInRight\"\"><div class=\"vc_gitem-zone vc_gitem-zone-a\" style=\"background-image: url('https:\/\/apgaismojums.lv\/wp-content\/uploads\/2023\/03\/Prysmian-Group.jpg') !important;\"><img decoding=\"async\" src=\"https:\/\/apgaismojums.lv\/wp-content\/uploads\/2023\/03\/Prysmian-Group.jpg\" class=\"vc_gitem-zone-img\" alt=\"\"><div class=\"vc_gitem-zone-mini\"><\/div><\/div><div class=\"vc_gitem-zone vc_gitem-zone-b vc_custom_1419328927507 vc-gitem-zone-height-mode-auto vc_gitem-is-link\"><a href=\"https:\/\/apgaismojums.lv\/en\/prysmian-group\" title=\"Prysmian Group\" class=\"vc_gitem-link vc-zone-link\"><\/a><div class=\"vc_gitem-zone-mini\"><div class=\"vc_gitem_row vc_row vc_gitem-row-position-top\"><div class=\"vc_col-sm-12 vc_gitem-col vc_gitem-col-align-\"><div class=\"vc_custom_heading vc_gitem-post-data vc_gitem-post-data-source-post_title\" ><h4 style=\"text-align: left\" >Prysmian Group<\/h4><\/div><div class=\"vc_separator wpb_content_element vc_separator_align_center vc_sep_width_50 vc_sep_border_width_2 vc_sep_pos_align_left vc_separator_no_text vc_sep_color_black\" ><span class=\"vc_sep_holder vc_sep_holder_l\"><span  class=\"vc_sep_line\"><\/span><\/span><span class=\"vc_sep_holder vc_sep_holder_r\"><span  class=\"vc_sep_line\"><\/span><\/span>\n<\/div><div class=\"vc_custom_heading vc_gitem-post-data vc_gitem-post-data-source-post_excerpt\" ><p style=\"text-align: left\" >Prysmian Group novatorisk\u0101 lietotne CableApp pal\u012bdz izv\u0113l\u0113ties pareizo kabeli atbilsto\u0161i b\u016bves tipam un uzst\u0101d\u012b\u0161anas veidam. Vair\u0101k nek\u0101 15 valst\u012bs izmantot\u0101 CableApp tagad ir pieejama ar\u012b Igaunij\u0101, Latvij\u0101 un Lietuv\u0101. Pasaul\u0113 vado\u0161\u0101 kabe\u013cu ra\u017eot\u0101ja Prysmian Group izstr\u0101d\u0101t\u0101 CableApp ir profesion\u0101ls, vienk\u0101r\u0161i izmantojams darbar\u012bks, kas pal\u012bdz izv\u0113l\u0113ties vislab\u0101ko kabe\u013ca tipu, vadoties no projekta un instal\u0101cijas tipa. CableApp [...]<\/p><\/div><\/div><\/div><\/div><\/div><\/div><\/div><div class=\"vc_clearfix\"><\/div><\/div><\/div><\/div>\n\t<\/div>\n<\/div><\/div><\/div><\/div><\/div><\/div>\n","protected":false},"excerpt":{"rendered":"Zamel M\u0113s esam Polijas \u0123imenes uz\u0146\u0113mums, kas atrodas P\u0161\u010din\u0101 Jau vair\u0101k nek\u0101 30 gadus darbojamies elektrotehnikas nozares tirg\u016b, dinamiski att\u012bstoties. M\u016bsu darb\u012bbas pamats ir nodro\u0161in\u0101t augst\u0101k\u0101s kvalit\u0101tes produktus un klientu apkalpo\u0161anas standartu, priorit\u0101te - t\u0101 apmierin\u0101t\u012bba. M\u0113s uzvaram ar m\u016bsu produktu kvalit\u0101ti, cenu un m\u016bsdien\u012bgu dizainu ar sp\u0113c\u012bgiem \u0101rvalstu konkurentiem, vienlaikus populariz\u0113jot Polijas produktus un [...]","protected":false},"author":1,"featured_media":0,"parent":5069,"menu_order":9,"comment_status":"closed","ping_status":"closed","template":"","meta":{"ngg_post_thumbnail":0,"footnotes":""},"class_list":["post-5186","page","type-page","status-publish","hentry"],"yoast_head":"<!-- This site is optimized with the Yoast SEO plugin v25.2 - https:\/\/yoast.com\/wordpress\/plugins\/seo\/ -->\n<title>Kabe\u013ci un vadi - ACDC Group, SIA<\/title>\n<meta name=\"description\" content=\"Kabe\u013ci un vadi | | ACDC Group, SIA\" \/>\n<meta name=\"robots\" content=\"index, follow, max-snippet:-1, max-image-preview:large, max-video-preview:-1\" \/>\n<link rel=\"canonical\" href=\"https:\/\/apgaismojums.lv\/en\/products\/cables-and-wires\" \/>\n<meta property=\"og:locale\" content=\"en_GB\" \/>\n<meta property=\"og:type\" content=\"article\" \/>\n<meta property=\"og:title\" content=\"Kabe\u013ci un vadi - ACDC Group, SIA\" \/>\n<meta property=\"og:description\" content=\"Kabe\u013ci un vadi | | ACDC Group, SIA\" \/>\n<meta property=\"og:url\" content=\"https:\/\/apgaismojums.lv\/en\/products\/cables-and-wires\" \/>\n<meta property=\"og:site_name\" content=\"ACDC Group, SIA\" \/>\n<meta property=\"article:modified_time\" content=\"2023-06-07T17:16:42+00:00\" \/>\n<meta name=\"twitter:card\" content=\"summary_large_image\" \/>\n<script type=\"application\/ld+json\" class=\"yoast-schema-graph\">{\"@context\":\"https:\/\/schema.org\",\"@graph\":[{\"@type\":\"WebPage\",\"@id\":\"https:\/\/apgaismojums.lv\/produkti\/kabeli-un-vadi\",\"url\":\"https:\/\/apgaismojums.lv\/produkti\/kabeli-un-vadi\",\"name\":\"Kabe\u013ci un vadi - ACDC Group, SIA\",\"isPartOf\":{\"@id\":\"https:\/\/apgaismojums.lv\/#website\"},\"datePublished\":\"2023-02-28T11:56:46+00:00\",\"dateModified\":\"2023-06-07T17:16:42+00:00\",\"description\":\"Kabe\u013ci un vadi | | ACDC Group, SIA\",\"breadcrumb\":{\"@id\":\"https:\/\/apgaismojums.lv\/produkti\/kabeli-un-vadi#breadcrumb\"},\"inLanguage\":\"en-GB\",\"potentialAction\":[{\"@type\":\"ReadAction\",\"target\":[\"https:\/\/apgaismojums.lv\/produkti\/kabeli-un-vadi\"]}]},{\"@type\":\"BreadcrumbList\",\"@id\":\"https:\/\/apgaismojums.lv\/produkti\/kabeli-un-vadi#breadcrumb\",\"itemListElement\":[{\"@type\":\"ListItem\",\"position\":1,\"name\":\"Home\",\"item\":\"https:\/\/apgaismojums.lv\/\"},{\"@type\":\"ListItem\",\"position\":2,\"name\":\"Produkti\",\"item\":\"https:\/\/apgaismojums.lv\/produkti\"},{\"@type\":\"ListItem\",\"position\":3,\"name\":\"Kabe\u013ci un vadi\"}]},{\"@type\":\"WebSite\",\"@id\":\"https:\/\/apgaismojums.lv\/#website\",\"url\":\"https:\/\/apgaismojums.lv\/\",\"name\":\"ACDC Group, SIA\",\"description\":\"apgaismojuma risin\u0101jumi\",\"publisher\":{\"@id\":\"https:\/\/apgaismojums.lv\/#organization\"},\"potentialAction\":[{\"@type\":\"SearchAction\",\"target\":{\"@type\":\"EntryPoint\",\"urlTemplate\":\"https:\/\/apgaismojums.lv\/?s={search_term_string}\"},\"query-input\":{\"@type\":\"PropertyValueSpecification\",\"valueRequired\":true,\"valueName\":\"search_term_string\"}}],\"inLanguage\":\"en-GB\"},{\"@type\":\"Organization\",\"@id\":\"https:\/\/apgaismojums.lv\/#organization\",\"name\":\"Apgaismojums\",\"url\":\"https:\/\/apgaismojums.lv\/\",\"logo\":{\"@type\":\"ImageObject\",\"inLanguage\":\"en-GB\",\"@id\":\"https:\/\/apgaismojums.lv\/#\/schema\/logo\/image\/\",\"url\":\"https:\/\/apgaismojums.lv\/wp-content\/uploads\/2021\/03\/logo.png\",\"contentUrl\":\"https:\/\/apgaismojums.lv\/wp-content\/uploads\/2021\/03\/logo.png\",\"width\":372,\"height\":120,\"caption\":\"Apgaismojums\"},\"image\":{\"@id\":\"https:\/\/apgaismojums.lv\/#\/schema\/logo\/image\/\"}}]}<\/script>\n<!-- \/ Yoast SEO plugin. -->","yoast_head_json":{"title":"Kabe\u013ci un vadi - ACDC Group, SIA","description":"Kabe\u013ci un vadi | | ACDC Group, SIA","robots":{"index":"index","follow":"follow","max-snippet":"max-snippet:-1","max-image-preview":"max-image-preview:large","max-video-preview":"max-video-preview:-1"},"canonical":"https:\/\/apgaismojums.lv\/en\/products\/cables-and-wires","og_locale":"en_GB","og_type":"article","og_title":"Kabe\u013ci un vadi - ACDC Group, SIA","og_description":"Kabe\u013ci un vadi | | ACDC Group, SIA","og_url":"https:\/\/apgaismojums.lv\/en\/products\/cables-and-wires","og_site_name":"ACDC Group, SIA","article_modified_time":"2023-06-07T17:16:42+00:00","twitter_card":"summary_large_image","schema":{"@context":"https:\/\/schema.org","@graph":[{"@type":"WebPage","@id":"https:\/\/apgaismojums.lv\/produkti\/kabeli-un-vadi","url":"https:\/\/apgaismojums.lv\/produkti\/kabeli-un-vadi","name":"Kabe\u013ci un vadi - ACDC Group, SIA","isPartOf":{"@id":"https:\/\/apgaismojums.lv\/#website"},"datePublished":"2023-02-28T11:56:46+00:00","dateModified":"2023-06-07T17:16:42+00:00","description":"Kabe\u013ci un vadi | | ACDC Group, SIA","breadcrumb":{"@id":"https:\/\/apgaismojums.lv\/produkti\/kabeli-un-vadi#breadcrumb"},"inLanguage":"en-GB","potentialAction":[{"@type":"ReadAction","target":["https:\/\/apgaismojums.lv\/produkti\/kabeli-un-vadi"]}]},{"@type":"BreadcrumbList","@id":"https:\/\/apgaismojums.lv\/produkti\/kabeli-un-vadi#breadcrumb","itemListElement":[{"@type":"ListItem","position":1,"name":"Home","item":"https:\/\/apgaismojums.lv\/"},{"@type":"ListItem","position":2,"name":"Produkti","item":"https:\/\/apgaismojums.lv\/produkti"},{"@type":"ListItem","position":3,"name":"Kabe\u013ci un vadi"}]},{"@type":"WebSite","@id":"https:\/\/apgaismojums.lv\/#website","url":"https:\/\/apgaismojums.lv\/","name":"ACDC Group, SIA","description":"lighting solutions","publisher":{"@id":"https:\/\/apgaismojums.lv\/#organization"},"potentialAction":[{"@type":"SearchAction","target":{"@type":"EntryPoint","urlTemplate":"https:\/\/apgaismojums.lv\/?s={search_term_string}"},"query-input":{"@type":"PropertyValueSpecification","valueRequired":true,"valueName":"search_term_string"}}],"inLanguage":"en-GB"},{"@type":"Organization","@id":"https:\/\/apgaismojums.lv\/#organization","name":"Lighting","url":"https:\/\/apgaismojums.lv\/","logo":{"@type":"ImageObject","inLanguage":"en-GB","@id":"https:\/\/apgaismojums.lv\/#\/schema\/logo\/image\/","url":"https:\/\/apgaismojums.lv\/wp-content\/uploads\/2021\/03\/logo.png","contentUrl":"https:\/\/apgaismojums.lv\/wp-content\/uploads\/2021\/03\/logo.png","width":372,"height":120,"caption":"Apgaismojums"},"image":{"@id":"https:\/\/apgaismojums.lv\/#\/schema\/logo\/image\/"}}]}},"_links":{"self":[{"href":"https:\/\/apgaismojums.lv\/en\/wp-json\/wp\/v2\/pages\/5186"}],"collection":[{"href":"https:\/\/apgaismojums.lv\/en\/wp-json\/wp\/v2\/pages"}],"about":[{"href":"https:\/\/apgaismojums.lv\/en\/wp-json\/wp\/v2\/types\/page"}],"author":[{"embeddable":true,"href":"https:\/\/apgaismojums.lv\/en\/wp-json\/wp\/v2\/users\/1"}],"replies":[{"embeddable":true,"href":"https:\/\/apgaismojums.lv\/en\/wp-json\/wp\/v2\/comments?post=5186"}],"version-history":[{"count":0,"href":"https:\/\/apgaismojums.lv\/en\/wp-json\/wp\/v2\/pages\/5186\/revisions"}],"up":[{"embeddable":true,"href":"https:\/\/apgaismojums.lv\/en\/wp-json\/wp\/v2\/pages\/5069"}],"wp:attachment":[{"href":"https:\/\/apgaismojums.lv\/en\/wp-json\/wp\/v2\/media?parent=5186"}],"curies":[{"name":"wp","href":"https:\/\/api.w.org\/{rel}","templated":true}]}}