{"id":5183,"date":"2023-02-28T13:54:58","date_gmt":"2023-02-28T11:54:58","guid":{"rendered":"https:\/\/apgaismojums.lv\/?page_id=5183"},"modified":"2025-05-26T20:32:27","modified_gmt":"2025-05-26T17:32:27","slug":"electric-heaters","status":"publish","type":"page","link":"https:\/\/apgaismojums.lv\/en\/products\/electric-heaters","title":{"rendered":"Electric heaters"},"content":{"rendered":"<div class=\"fullwidth\"><div class=\"vc_row wpb_row vc_row-fluid\"><div class=\"wpb_column vc_column_container vc_col-sm-12\"><div class=\"vc_column-inner\"><div class=\"wpb_wrapper\">\n<div class=\"vc_grid-container-wrapper vc_clearfix\">\n\t<div class=\"vc_grid-container vc_clearfix wpb_content_element vc_basic_grid\" data-initial-loading-animation=\"fadeIn\" data-vc-grid-settings=\"{&quot;page_id&quot;:5183,&quot;style&quot;:&quot;all&quot;,&quot;action&quot;:&quot;vc_get_vc_grid_data&quot;,&quot;shortcode_id&quot;:&quot;1686158152147-5c18fb12-80c2-5&quot;,&quot;tag&quot;:&quot;vc_basic_grid&quot;}\" data-vc-request=\"https:\/\/apgaismojums.lv\/wp-admin\/admin-ajax.php\" data-vc-post-id=\"5183\" data-vc-public-nonce=\"d0c100e039\">\n\t\t<style data-type=\"vc_shortcodes-custom-css\">.vc_custom_1419328927507{background-color: #f4f4f4 !important;}<\/style><div class=\"vc_grid vc_row vc_grid-gutter-30px vc_pageable-wrapper vc_hook_hover\" data-vc-pageable-content=\"true\"><div class=\"vc_pageable-slide-wrapper vc_clearfix\" data-vc-grid-content=\"true\"><div class=\"vc_grid-item vc_clearfix vc_col-sm-4\"><div class=\"vc_grid-item-mini vc_clearfix \"><div class=\"vc_gitem-animated-block  vc_gitem-animate vc_gitem-animate-slideInRight\"  data-vc-animation=\"slideInRight\"\"><div class=\"vc_gitem-zone vc_gitem-zone-a\" style=\"background-image: url('https:\/\/apgaismojums.lv\/wp-content\/uploads\/2023\/03\/Radialight.jpg') !important;\"><img decoding=\"async\" src=\"https:\/\/apgaismojums.lv\/wp-content\/uploads\/2023\/03\/Radialight.jpg\" class=\"vc_gitem-zone-img\" alt=\"\"><div class=\"vc_gitem-zone-mini\"><\/div><\/div><div class=\"vc_gitem-zone vc_gitem-zone-b vc_custom_1419328927507 vc-gitem-zone-height-mode-auto vc_gitem-is-link\"><a href=\"https:\/\/apgaismojums.lv\/en\/radialight\" title=\"Radialight\" class=\"vc_gitem-link vc-zone-link\"><\/a><div class=\"vc_gitem-zone-mini\"><div class=\"vc_gitem_row vc_row vc_gitem-row-position-top\"><div class=\"vc_col-sm-12 vc_gitem-col vc_gitem-col-align-\"><div class=\"vc_custom_heading vc_gitem-post-data vc_gitem-post-data-source-post_title\" ><h4 style=\"text-align: left\" >Radialight<\/h4><\/div><div class=\"vc_separator wpb_content_element vc_separator_align_center vc_sep_width_50 vc_sep_border_width_2 vc_sep_pos_align_left vc_separator_no_text vc_sep_color_black\" ><span class=\"vc_sep_holder vc_sep_holder_l\"><span  class=\"vc_sep_line\"><\/span><\/span><span class=\"vc_sep_holder vc_sep_holder_r\"><span  class=\"vc_sep_line\"><\/span><\/span>\n<\/div><div class=\"vc_custom_heading vc_gitem-post-data vc_gitem-post-data-source-post_excerpt\" ><p style=\"text-align: left\" >L\u012bderis sadz\u012bves un r\u016bpniecisko elektrisko apkures ier\u012b\u010du ra\u017eo\u0161an\u0101. ERMETE GIUDICI S.p.A., z\u012bmola RADIALIGHT \u012bpa\u0161niece, nes t\u0101 dibin\u0101t\u0101ja v\u0101rdu. Tas ir dzimis 1930. gados Mil\u0101n\u0101 ar nosaukumu AURORA un nosaukumu Mazo sadz\u012bves tehnikas r\u016bpn\u012bca, kas ir viens no pirmajiem It\u0101lij\u0101 sav\u0101 nozar\u0113. M\u0101jas lapa: https:\/\/www.radialight.com Adrese: Radialight by Ermete Giudici S.p.A., via Leonardo da Vinci, 27, [...]<\/p><\/div><\/div><\/div><\/div><\/div><\/div><\/div><div class=\"vc_clearfix\"><\/div><\/div><div class=\"vc_grid-item vc_clearfix vc_col-sm-4\"><div class=\"vc_grid-item-mini vc_clearfix \"><div class=\"vc_gitem-animated-block  vc_gitem-animate vc_gitem-animate-slideInRight\"  data-vc-animation=\"slideInRight\"\"><div class=\"vc_gitem-zone vc_gitem-zone-a\" style=\"background-image: url('https:\/\/apgaismojums.lv\/wp-content\/uploads\/2023\/03\/Comfortheat.jpg') !important;\"><img decoding=\"async\" src=\"https:\/\/apgaismojums.lv\/wp-content\/uploads\/2023\/03\/Comfortheat.jpg\" class=\"vc_gitem-zone-img\" alt=\"\"><div class=\"vc_gitem-zone-mini\"><\/div><\/div><div class=\"vc_gitem-zone vc_gitem-zone-b vc_custom_1419328927507 vc-gitem-zone-height-mode-auto vc_gitem-is-link\"><a href=\"https:\/\/apgaismojums.lv\/en\/comfort-heat\" title=\"Comfort Heat\" class=\"vc_gitem-link vc-zone-link\"><\/a><div class=\"vc_gitem-zone-mini\"><div class=\"vc_gitem_row vc_row vc_gitem-row-position-top\"><div class=\"vc_col-sm-12 vc_gitem-col vc_gitem-col-align-\"><div class=\"vc_custom_heading vc_gitem-post-data vc_gitem-post-data-source-post_title\" ><h4 style=\"text-align: left\" >Comfort Heat<\/h4><\/div><div class=\"vc_separator wpb_content_element vc_separator_align_center vc_sep_width_50 vc_sep_border_width_2 vc_sep_pos_align_left vc_separator_no_text vc_sep_color_black\" ><span class=\"vc_sep_holder vc_sep_holder_l\"><span  class=\"vc_sep_line\"><\/span><\/span><span class=\"vc_sep_holder vc_sep_holder_r\"><span  class=\"vc_sep_line\"><\/span><\/span>\n<\/div><div class=\"vc_custom_heading vc_gitem-post-data vc_gitem-post-data-source-post_excerpt\" ><p style=\"text-align: left\" >Comfort Heat ir vair\u0101k nek\u0101 25 gadu pieredze elektrisk\u0101s apkures produktu un risin\u0101jumu jom\u0101, un m\u0113s \u0161obr\u012bd darbojamies vair\u0101k nek\u0101 18 valst\u012bs, sniedzot pakalpojumus klientiem komerci\u0101laj\u0101, sabiedriskaj\u0101 un industri\u0101laj\u0101 sektor\u0101. M\u0113s izstr\u0101d\u0101jam un ra\u017eojam apkures sist\u0113mas, produktus un piederumus, piem\u0113ram, apkures kabe\u013cus, apkures pakl\u0101jus un termostatus, kas paredz\u0113ti lieto\u0161anai no dz\u012bvojamo m\u0101ju, komerci\u0101l\u0101s b\u016bvniec\u012bbas un [...]<\/p><\/div><\/div><\/div><\/div><\/div><\/div><\/div><div class=\"vc_clearfix\"><\/div><\/div><div class=\"vc_grid-item vc_clearfix vc_col-sm-4\"><div class=\"vc_grid-item-mini vc_clearfix \"><div class=\"vc_gitem-animated-block  vc_gitem-animate vc_gitem-animate-slideInRight\"  data-vc-animation=\"slideInRight\"\"><div class=\"vc_gitem-zone vc_gitem-zone-a\" style=\"background-image: url('https:\/\/apgaismojums.lv\/wp-content\/uploads\/2023\/03\/Burda.jpg') !important;\"><img decoding=\"async\" src=\"https:\/\/apgaismojums.lv\/wp-content\/uploads\/2023\/03\/Burda.jpg\" class=\"vc_gitem-zone-img\" alt=\"\"><div class=\"vc_gitem-zone-mini\"><\/div><\/div><div class=\"vc_gitem-zone vc_gitem-zone-b vc_custom_1419328927507 vc-gitem-zone-height-mode-auto vc_gitem-is-link\"><a href=\"https:\/\/apgaismojums.lv\/en\/burda\" title=\"BURDA\" class=\"vc_gitem-link vc-zone-link\"><\/a><div class=\"vc_gitem-zone-mini\"><div class=\"vc_gitem_row vc_row vc_gitem-row-position-top\"><div class=\"vc_col-sm-12 vc_gitem-col vc_gitem-col-align-\"><div class=\"vc_custom_heading vc_gitem-post-data vc_gitem-post-data-source-post_title\" ><h4 style=\"text-align: left\" >BURDA<\/h4><\/div><div class=\"vc_separator wpb_content_element vc_separator_align_center vc_sep_width_50 vc_sep_border_width_2 vc_sep_pos_align_left vc_separator_no_text vc_sep_color_black\" ><span class=\"vc_sep_holder vc_sep_holder_l\"><span  class=\"vc_sep_line\"><\/span><\/span><span class=\"vc_sep_holder vc_sep_holder_r\"><span  class=\"vc_sep_line\"><\/span><\/span>\n<\/div><div class=\"vc_custom_heading vc_gitem-post-data vc_gitem-post-data-source-post_excerpt\" ><p style=\"text-align: left\" >Burda Worldwide Technologies GmbH, sa\u012bsin\u0101ti Burda WTG, 1990. gad\u0101 dibin\u0101ja Jiri Burda, \u0161odienas r\u012bkot\u0101jdirektors. 1997. gad\u0101 uz\u0146\u0113mums s\u0101ka specializ\u0113ties infrasarkano \u012bsvi\u013c\u0146u tehnolo\u0123iju import\u0101 un p\u0101rdo\u0161an\u0101 Eirop\u0101 un Korej\u0101. Kop\u0161 1999. gada uz\u0146\u0113mums ir l\u012bderis klimata kontroles jom\u0101 ar vismodern\u0101kaj\u0101m infrasarkanaj\u0101m tehnolo\u0123ij\u0101m ar z\u012bmolu Burda Perfectclime\u00ae. Kop\u0161 ra\u017eo\u0161anas s\u0101kuma Burda WTG jau ir re\u0123istr\u0113jis savus starptautiskos [...]<\/p><\/div><\/div><\/div><\/div><\/div><\/div><\/div><div class=\"vc_clearfix\"><\/div><\/div><div class=\"vc_grid-item vc_clearfix vc_col-sm-4\"><div class=\"vc_grid-item-mini vc_clearfix \"><div class=\"vc_gitem-animated-block  vc_gitem-animate vc_gitem-animate-slideInRight\"  data-vc-animation=\"slideInRight\"\"><div class=\"vc_gitem-zone vc_gitem-zone-a\" style=\"background-image: url('https:\/\/apgaismojums.lv\/wp-content\/uploads\/2023\/03\/ADAX.jpg') !important;\"><img decoding=\"async\" src=\"https:\/\/apgaismojums.lv\/wp-content\/uploads\/2023\/03\/ADAX.jpg\" class=\"vc_gitem-zone-img\" alt=\"\"><div class=\"vc_gitem-zone-mini\"><\/div><\/div><div class=\"vc_gitem-zone vc_gitem-zone-b vc_custom_1419328927507 vc-gitem-zone-height-mode-auto vc_gitem-is-link\"><a href=\"https:\/\/apgaismojums.lv\/en\/adax\" title=\"ADAX\" class=\"vc_gitem-link vc-zone-link\"><\/a><div class=\"vc_gitem-zone-mini\"><div class=\"vc_gitem_row vc_row vc_gitem-row-position-top\"><div class=\"vc_col-sm-12 vc_gitem-col vc_gitem-col-align-\"><div class=\"vc_custom_heading vc_gitem-post-data vc_gitem-post-data-source-post_title\" ><h4 style=\"text-align: left\" >ADAX<\/h4><\/div><div class=\"vc_separator wpb_content_element vc_separator_align_center vc_sep_width_50 vc_sep_border_width_2 vc_sep_pos_align_left vc_separator_no_text vc_sep_color_black\" ><span class=\"vc_sep_holder vc_sep_holder_l\"><span  class=\"vc_sep_line\"><\/span><\/span><span class=\"vc_sep_holder vc_sep_holder_r\"><span  class=\"vc_sep_line\"><\/span><\/span>\n<\/div><div class=\"vc_custom_heading vc_gitem-post-data vc_gitem-post-data-source-post_excerpt\" ><p style=\"text-align: left\" >ADAX dibin\u0101ts 1948.gad\u0101, tas pieder norv\u0113\u0123u ra\u017eo\u0161anas koncernam Otterlei Group. ADAX specializ\u0113jas apsildes iek\u0101rtu izstr\u0101d\u0113, ra\u017eo\u0161an\u0101 un izplat\u012b\u0161an\u0101. Person\u0101ls sast\u0101v no vair\u0101k k\u0101 200 cilv\u0113kiem, kas b\u0101z\u0113jas div\u0101s r\u016bpn\u012bc\u0101s - ADAX AS (Svelvik, Norv\u0113\u0123ija) un ADAX UAB (Pa\u0146eve\u017ei, Lietuva). Gadu gait\u0101 uz\u0146\u0113mums ir rad\u012bjis profesion\u0101lu ra\u017eo\u0161anas, p\u0101rdo\u0161anas un apkalpo\u0161anas strukt\u016bru, kas apkalpo klientus vis\u0101 pasaul\u0113. [...]<\/p><\/div><\/div><\/div><\/div><\/div><\/div><\/div><div class=\"vc_clearfix\"><\/div><\/div><\/div><\/div>\n\t<\/div>\n<\/div><\/div><\/div><\/div><\/div><\/div>\n","protected":false},"excerpt":{"rendered":"Comfort Heat Comfort Heat ir vair\u0101k nek\u0101 25 gadu pieredze elektrisk\u0101s apkures produktu un risin\u0101jumu jom\u0101, un m\u0113s \u0161obr\u012bd darbojamies vair\u0101k nek\u0101 18 valst\u012bs, sniedzot pakalpojumus klientiem komerci\u0101laj\u0101, sabiedriskaj\u0101 un industri\u0101laj\u0101 sektor\u0101. M\u0113s izstr\u0101d\u0101jam un ra\u017eojam apkures sist\u0113mas, produktus un piederumus, piem\u0113ram, apkures kabe\u013cus, apkures pakl\u0101jus un termostatus, kas paredz\u0113ti lieto\u0161anai no dz\u012bvojamo m\u0101ju, komerci\u0101l\u0101s [...]","protected":false},"author":1,"featured_media":0,"parent":5069,"menu_order":14,"comment_status":"closed","ping_status":"closed","template":"","meta":{"ngg_post_thumbnail":0,"footnotes":""},"class_list":["post-5183","page","type-page","status-publish","hentry"],"yoast_head":"<!-- This site is optimized with the Yoast SEO plugin v25.2 - https:\/\/yoast.com\/wordpress\/plugins\/seo\/ -->\n<title>Elektriskie sild\u012bt\u0101ji \u2013 efekt\u012bvs un ekonomisks apkures risin\u0101jums<\/title>\n<meta name=\"description\" content=\"Elektriskie sild\u012bt\u0101jiPla\u0161s elektrisko sild\u012bt\u0101ju kl\u0101sts m\u0101j\u0101m un darba telp\u0101m. Energoefekt\u012bvi un dro\u0161i apkures risin\u0101jumi j\u016bsu komfortam visa gada garum\u0101.\" \/>\n<meta name=\"robots\" content=\"index, follow, max-snippet:-1, max-image-preview:large, max-video-preview:-1\" \/>\n<link rel=\"canonical\" href=\"https:\/\/apgaismojums.lv\/en\/products\/electric-heaters\" \/>\n<meta property=\"og:locale\" content=\"en_GB\" \/>\n<meta property=\"og:type\" content=\"article\" \/>\n<meta property=\"og:title\" content=\"Elektriskie sild\u012bt\u0101ji \u2013 efekt\u012bvs un ekonomisks apkures risin\u0101jums\" \/>\n<meta property=\"og:description\" content=\"Elektriskie sild\u012bt\u0101jiPla\u0161s elektrisko sild\u012bt\u0101ju kl\u0101sts m\u0101j\u0101m un darba telp\u0101m. Energoefekt\u012bvi un dro\u0161i apkures risin\u0101jumi j\u016bsu komfortam visa gada garum\u0101.\" \/>\n<meta property=\"og:url\" content=\"https:\/\/apgaismojums.lv\/en\/products\/electric-heaters\" \/>\n<meta property=\"og:site_name\" content=\"ACDC Group, SIA\" \/>\n<meta property=\"article:modified_time\" content=\"2025-05-26T17:32:27+00:00\" \/>\n<meta name=\"twitter:card\" content=\"summary_large_image\" \/>\n<script type=\"application\/ld+json\" class=\"yoast-schema-graph\">{\"@context\":\"https:\/\/schema.org\",\"@graph\":[{\"@type\":\"WebPage\",\"@id\":\"https:\/\/apgaismojums.lv\/produkti\/elektriskie-silditaji\",\"url\":\"https:\/\/apgaismojums.lv\/produkti\/elektriskie-silditaji\",\"name\":\"Elektriskie sild\u012bt\u0101ji \u2013 efekt\u012bvs un ekonomisks apkures risin\u0101jums\",\"isPartOf\":{\"@id\":\"https:\/\/apgaismojums.lv\/#website\"},\"datePublished\":\"2023-02-28T11:54:58+00:00\",\"dateModified\":\"2025-05-26T17:32:27+00:00\",\"description\":\"Elektriskie sild\u012bt\u0101jiPla\u0161s elektrisko sild\u012bt\u0101ju kl\u0101sts m\u0101j\u0101m un darba telp\u0101m. Energoefekt\u012bvi un dro\u0161i apkures risin\u0101jumi j\u016bsu komfortam visa gada garum\u0101.\",\"breadcrumb\":{\"@id\":\"https:\/\/apgaismojums.lv\/produkti\/elektriskie-silditaji#breadcrumb\"},\"inLanguage\":\"en-GB\",\"potentialAction\":[{\"@type\":\"ReadAction\",\"target\":[\"https:\/\/apgaismojums.lv\/produkti\/elektriskie-silditaji\"]}]},{\"@type\":\"BreadcrumbList\",\"@id\":\"https:\/\/apgaismojums.lv\/produkti\/elektriskie-silditaji#breadcrumb\",\"itemListElement\":[{\"@type\":\"ListItem\",\"position\":1,\"name\":\"Home\",\"item\":\"https:\/\/apgaismojums.lv\/\"},{\"@type\":\"ListItem\",\"position\":2,\"name\":\"Produkti\",\"item\":\"https:\/\/apgaismojums.lv\/produkti\"},{\"@type\":\"ListItem\",\"position\":3,\"name\":\"Elektriskie sild\u012bt\u0101ji\"}]},{\"@type\":\"WebSite\",\"@id\":\"https:\/\/apgaismojums.lv\/#website\",\"url\":\"https:\/\/apgaismojums.lv\/\",\"name\":\"ACDC Group, SIA\",\"description\":\"apgaismojuma risin\u0101jumi\",\"publisher\":{\"@id\":\"https:\/\/apgaismojums.lv\/#organization\"},\"potentialAction\":[{\"@type\":\"SearchAction\",\"target\":{\"@type\":\"EntryPoint\",\"urlTemplate\":\"https:\/\/apgaismojums.lv\/?s={search_term_string}\"},\"query-input\":{\"@type\":\"PropertyValueSpecification\",\"valueRequired\":true,\"valueName\":\"search_term_string\"}}],\"inLanguage\":\"en-GB\"},{\"@type\":\"Organization\",\"@id\":\"https:\/\/apgaismojums.lv\/#organization\",\"name\":\"Apgaismojums\",\"url\":\"https:\/\/apgaismojums.lv\/\",\"logo\":{\"@type\":\"ImageObject\",\"inLanguage\":\"en-GB\",\"@id\":\"https:\/\/apgaismojums.lv\/#\/schema\/logo\/image\/\",\"url\":\"https:\/\/apgaismojums.lv\/wp-content\/uploads\/2021\/03\/logo.png\",\"contentUrl\":\"https:\/\/apgaismojums.lv\/wp-content\/uploads\/2021\/03\/logo.png\",\"width\":372,\"height\":120,\"caption\":\"Apgaismojums\"},\"image\":{\"@id\":\"https:\/\/apgaismojums.lv\/#\/schema\/logo\/image\/\"}}]}<\/script>\n<!-- \/ Yoast SEO plugin. -->","yoast_head_json":{"title":"Elektriskie sild\u012bt\u0101ji \u2013 efekt\u012bvs un ekonomisks apkures risin\u0101jums","description":"Elektriskie sild\u012bt\u0101jiPla\u0161s elektrisko sild\u012bt\u0101ju kl\u0101sts m\u0101j\u0101m un darba telp\u0101m. Energoefekt\u012bvi un dro\u0161i apkures risin\u0101jumi j\u016bsu komfortam visa gada garum\u0101.","robots":{"index":"index","follow":"follow","max-snippet":"max-snippet:-1","max-image-preview":"max-image-preview:large","max-video-preview":"max-video-preview:-1"},"canonical":"https:\/\/apgaismojums.lv\/en\/products\/electric-heaters","og_locale":"en_GB","og_type":"article","og_title":"Elektriskie sild\u012bt\u0101ji \u2013 efekt\u012bvs un ekonomisks apkures risin\u0101jums","og_description":"Elektriskie sild\u012bt\u0101jiPla\u0161s elektrisko sild\u012bt\u0101ju kl\u0101sts m\u0101j\u0101m un darba telp\u0101m. Energoefekt\u012bvi un dro\u0161i apkures risin\u0101jumi j\u016bsu komfortam visa gada garum\u0101.","og_url":"https:\/\/apgaismojums.lv\/en\/products\/electric-heaters","og_site_name":"ACDC Group, SIA","article_modified_time":"2025-05-26T17:32:27+00:00","twitter_card":"summary_large_image","schema":{"@context":"https:\/\/schema.org","@graph":[{"@type":"WebPage","@id":"https:\/\/apgaismojums.lv\/produkti\/elektriskie-silditaji","url":"https:\/\/apgaismojums.lv\/produkti\/elektriskie-silditaji","name":"Elektriskie sild\u012bt\u0101ji \u2013 efekt\u012bvs un ekonomisks apkures risin\u0101jums","isPartOf":{"@id":"https:\/\/apgaismojums.lv\/#website"},"datePublished":"2023-02-28T11:54:58+00:00","dateModified":"2025-05-26T17:32:27+00:00","description":"Elektriskie sild\u012bt\u0101jiPla\u0161s elektrisko sild\u012bt\u0101ju kl\u0101sts m\u0101j\u0101m un darba telp\u0101m. Energoefekt\u012bvi un dro\u0161i apkures risin\u0101jumi j\u016bsu komfortam visa gada garum\u0101.","breadcrumb":{"@id":"https:\/\/apgaismojums.lv\/produkti\/elektriskie-silditaji#breadcrumb"},"inLanguage":"en-GB","potentialAction":[{"@type":"ReadAction","target":["https:\/\/apgaismojums.lv\/produkti\/elektriskie-silditaji"]}]},{"@type":"BreadcrumbList","@id":"https:\/\/apgaismojums.lv\/produkti\/elektriskie-silditaji#breadcrumb","itemListElement":[{"@type":"ListItem","position":1,"name":"Home","item":"https:\/\/apgaismojums.lv\/"},{"@type":"ListItem","position":2,"name":"Produkti","item":"https:\/\/apgaismojums.lv\/produkti"},{"@type":"ListItem","position":3,"name":"Elektriskie sild\u012bt\u0101ji"}]},{"@type":"WebSite","@id":"https:\/\/apgaismojums.lv\/#website","url":"https:\/\/apgaismojums.lv\/","name":"ACDC Group, SIA","description":"lighting solutions","publisher":{"@id":"https:\/\/apgaismojums.lv\/#organization"},"potentialAction":[{"@type":"SearchAction","target":{"@type":"EntryPoint","urlTemplate":"https:\/\/apgaismojums.lv\/?s={search_term_string}"},"query-input":{"@type":"PropertyValueSpecification","valueRequired":true,"valueName":"search_term_string"}}],"inLanguage":"en-GB"},{"@type":"Organization","@id":"https:\/\/apgaismojums.lv\/#organization","name":"Lighting","url":"https:\/\/apgaismojums.lv\/","logo":{"@type":"ImageObject","inLanguage":"en-GB","@id":"https:\/\/apgaismojums.lv\/#\/schema\/logo\/image\/","url":"https:\/\/apgaismojums.lv\/wp-content\/uploads\/2021\/03\/logo.png","contentUrl":"https:\/\/apgaismojums.lv\/wp-content\/uploads\/2021\/03\/logo.png","width":372,"height":120,"caption":"Apgaismojums"},"image":{"@id":"https:\/\/apgaismojums.lv\/#\/schema\/logo\/image\/"}}]}},"_links":{"self":[{"href":"https:\/\/apgaismojums.lv\/en\/wp-json\/wp\/v2\/pages\/5183"}],"collection":[{"href":"https:\/\/apgaismojums.lv\/en\/wp-json\/wp\/v2\/pages"}],"about":[{"href":"https:\/\/apgaismojums.lv\/en\/wp-json\/wp\/v2\/types\/page"}],"author":[{"embeddable":true,"href":"https:\/\/apgaismojums.lv\/en\/wp-json\/wp\/v2\/users\/1"}],"replies":[{"embeddable":true,"href":"https:\/\/apgaismojums.lv\/en\/wp-json\/wp\/v2\/comments?post=5183"}],"version-history":[{"count":0,"href":"https:\/\/apgaismojums.lv\/en\/wp-json\/wp\/v2\/pages\/5183\/revisions"}],"up":[{"embeddable":true,"href":"https:\/\/apgaismojums.lv\/en\/wp-json\/wp\/v2\/pages\/5069"}],"wp:attachment":[{"href":"https:\/\/apgaismojums.lv\/en\/wp-json\/wp\/v2\/media?parent=5183"}],"curies":[{"name":"wp","href":"https:\/\/api.w.org\/{rel}","templated":true}]}}