{"id":5164,"date":"2023-02-28T12:33:39","date_gmt":"2023-02-28T10:33:39","guid":{"rendered":"https:\/\/apgaismojums.lv\/?page_id=5164"},"modified":"2023-06-07T20:16:54","modified_gmt":"2023-06-07T17:16:54","slug":"automation-and-control","status":"publish","type":"page","link":"https:\/\/apgaismojums.lv\/en\/products\/automation-and-control","title":{"rendered":"Automation and control"},"content":{"rendered":"<div class=\"fullwidth\"><div class=\"vc_row wpb_row vc_row-fluid\"><div class=\"wpb_column vc_column_container vc_col-sm-12\"><div class=\"vc_column-inner\"><div class=\"wpb_wrapper\">\n<div class=\"vc_grid-container-wrapper vc_clearfix\">\n\t<div class=\"vc_grid-container vc_clearfix wpb_content_element vc_basic_grid\" data-initial-loading-animation=\"fadeIn\" data-vc-grid-settings=\"{&quot;page_id&quot;:5164,&quot;style&quot;:&quot;all&quot;,&quot;action&quot;:&quot;vc_get_vc_grid_data&quot;,&quot;shortcode_id&quot;:&quot;1686158165566-0b2291d9-f2e8-3&quot;,&quot;tag&quot;:&quot;vc_basic_grid&quot;}\" data-vc-request=\"https:\/\/apgaismojums.lv\/wp-admin\/admin-ajax.php\" data-vc-post-id=\"5164\" data-vc-public-nonce=\"fafd5c4f9a\">\n\t\t<style data-type=\"vc_shortcodes-custom-css\">.vc_custom_1419328927507{background-color: #f4f4f4 !important;}<\/style><div class=\"vc_grid vc_row vc_grid-gutter-30px vc_pageable-wrapper vc_hook_hover\" data-vc-pageable-content=\"true\"><div class=\"vc_pageable-slide-wrapper vc_clearfix\" data-vc-grid-content=\"true\"><div class=\"vc_grid-item vc_clearfix vc_col-sm-4\"><div class=\"vc_grid-item-mini vc_clearfix \"><div class=\"vc_gitem-animated-block  vc_gitem-animate vc_gitem-animate-slideInRight\"  data-vc-animation=\"slideInRight\"\"><div class=\"vc_gitem-zone vc_gitem-zone-a\" style=\"background-image: url('https:\/\/apgaismojums.lv\/wp-content\/uploads\/2023\/03\/Tridonic.jpg') !important;\"><img decoding=\"async\" src=\"https:\/\/apgaismojums.lv\/wp-content\/uploads\/2023\/03\/Tridonic.jpg\" class=\"vc_gitem-zone-img\" alt=\"\"><div class=\"vc_gitem-zone-mini\"><\/div><\/div><div class=\"vc_gitem-zone vc_gitem-zone-b vc_custom_1419328927507 vc-gitem-zone-height-mode-auto vc_gitem-is-link\"><a href=\"https:\/\/apgaismojums.lv\/en\/tridonic\" title=\"Tridonic\" class=\"vc_gitem-link vc-zone-link\"><\/a><div class=\"vc_gitem-zone-mini\"><div class=\"vc_gitem_row vc_row vc_gitem-row-position-top\"><div class=\"vc_col-sm-12 vc_gitem-col vc_gitem-col-align-\"><div class=\"vc_custom_heading vc_gitem-post-data vc_gitem-post-data-source-post_title\" ><h4 style=\"text-align: left\" >Tridonic<\/h4><\/div><div class=\"vc_separator wpb_content_element vc_separator_align_center vc_sep_width_50 vc_sep_border_width_2 vc_sep_pos_align_left vc_separator_no_text vc_sep_color_black\" ><span class=\"vc_sep_holder vc_sep_holder_l\"><span  class=\"vc_sep_line\"><\/span><\/span><span class=\"vc_sep_holder vc_sep_holder_r\"><span  class=\"vc_sep_line\"><\/span><\/span>\n<\/div><div class=\"vc_custom_heading vc_gitem-post-data vc_gitem-post-data-source-post_excerpt\" ><p style=\"text-align: left\" >Tridonic ir pasaul\u0113 vado\u0161ais viedo, efekt\u012bvu apgaismojuma risin\u0101jumu nodro\u0161in\u0101t\u0101js. M\u0113s atbalst\u0101m savus partnerus un klientus ar vied\u0101m, ilgtsp\u0113j\u012bg\u0101m apgaismojuma sist\u0113m\u0101m. Zumtobel grupas uz\u0146\u0113mums Tridonic tika dibin\u0101ts 1956. gad\u0101 Dornbirn\u0101, Austrij\u0101. Vair\u0101k nek\u0101 60 gadus uz\u0146\u0113mums ir bijis dzin\u0113jsp\u0113ks profesion\u0101lu apgaismojuma risin\u0101jumu izstr\u0101d\u0113. M\u016bsdien\u0101s Tridonic ir pasaul\u0113 vado\u0161ais apgaismojuma tehnolo\u0123iju nodro\u0161in\u0101t\u0101js profesion\u0101liem lietojumiem birojos, mazumtirdzniec\u012bb\u0101, viesn\u012bc\u0101s [...]<\/p><\/div><\/div><\/div><\/div><\/div><\/div><\/div><div class=\"vc_clearfix\"><\/div><\/div><div class=\"vc_grid-item vc_clearfix vc_col-sm-4\"><div class=\"vc_grid-item-mini vc_clearfix \"><div class=\"vc_gitem-animated-block  vc_gitem-animate vc_gitem-animate-slideInRight\"  data-vc-animation=\"slideInRight\"\"><div class=\"vc_gitem-zone vc_gitem-zone-a\" style=\"background-image: url('https:\/\/apgaismojums.lv\/wp-content\/uploads\/2023\/03\/Helvar.jpg') !important;\"><img decoding=\"async\" src=\"https:\/\/apgaismojums.lv\/wp-content\/uploads\/2023\/03\/Helvar.jpg\" class=\"vc_gitem-zone-img\" alt=\"\"><div class=\"vc_gitem-zone-mini\"><\/div><\/div><div class=\"vc_gitem-zone vc_gitem-zone-b vc_custom_1419328927507 vc-gitem-zone-height-mode-auto vc_gitem-is-link\"><a href=\"https:\/\/apgaismojums.lv\/en\/helvar\" title=\"Helvar\" class=\"vc_gitem-link vc-zone-link\"><\/a><div class=\"vc_gitem-zone-mini\"><div class=\"vc_gitem_row vc_row vc_gitem-row-position-top\"><div class=\"vc_col-sm-12 vc_gitem-col vc_gitem-col-align-\"><div class=\"vc_custom_heading vc_gitem-post-data vc_gitem-post-data-source-post_title\" ><h4 style=\"text-align: left\" >Helvar<\/h4><\/div><div class=\"vc_separator wpb_content_element vc_separator_align_center vc_sep_width_50 vc_sep_border_width_2 vc_sep_pos_align_left vc_separator_no_text vc_sep_color_black\" ><span class=\"vc_sep_holder vc_sep_holder_l\"><span  class=\"vc_sep_line\"><\/span><\/span><span class=\"vc_sep_holder vc_sep_holder_r\"><span  class=\"vc_sep_line\"><\/span><\/span>\n<\/div><div class=\"vc_custom_heading vc_gitem-post-data vc_gitem-post-data-source-post_excerpt\" ><p style=\"text-align: left\" >Uz\u0146\u0113mum\u0101 Helvar m\u0113s rad\u0101m inteli\u0123entus un ener\u0123iju taupo\u0161us apgaismojuma risin\u0101jumus. Inteli\u0123ents apgaismojums ir b\u016btisks darbinieku, klientu, apmekl\u0113t\u0101ju, pacientu labkl\u0101j\u012bbai\u2026 Helvar risin\u0101jumi pal\u012bdz rad\u012bt viedu vidi, kas veidota n\u0101kotnei, izmantojot inform\u0101ciju un nevainojami str\u0101d\u0101jot ar cit\u0101m sist\u0113m\u0101m. M\u016bsu produkti tiek uzskat\u012bti par lab\u0101kajiem sav\u0101 klas\u0113 uzticam\u012bbas, savietojam\u012bbas un elast\u012bbas zi\u0146\u0101. Ar pla\u0161o moderno apgaismojuma risin\u0101jumu un [...]<\/p><\/div><\/div><\/div><\/div><\/div><\/div><\/div><div class=\"vc_clearfix\"><\/div><\/div><div class=\"vc_grid-item vc_clearfix vc_col-sm-4\"><div class=\"vc_grid-item-mini vc_clearfix \"><div class=\"vc_gitem-animated-block  vc_gitem-animate vc_gitem-animate-slideInRight\"  data-vc-animation=\"slideInRight\"\"><div class=\"vc_gitem-zone vc_gitem-zone-a\" style=\"background-image: url('https:\/\/apgaismojums.lv\/wp-content\/uploads\/2023\/03\/Steinel.jpg') !important;\"><img decoding=\"async\" src=\"https:\/\/apgaismojums.lv\/wp-content\/uploads\/2023\/03\/Steinel.jpg\" class=\"vc_gitem-zone-img\" alt=\"\"><div class=\"vc_gitem-zone-mini\"><\/div><\/div><div class=\"vc_gitem-zone vc_gitem-zone-b vc_custom_1419328927507 vc-gitem-zone-height-mode-auto vc_gitem-is-link\"><a href=\"https:\/\/apgaismojums.lv\/en\/steinel\" title=\"Steinel\" class=\"vc_gitem-link vc-zone-link\"><\/a><div class=\"vc_gitem-zone-mini\"><div class=\"vc_gitem_row vc_row vc_gitem-row-position-top\"><div class=\"vc_col-sm-12 vc_gitem-col vc_gitem-col-align-\"><div class=\"vc_custom_heading vc_gitem-post-data vc_gitem-post-data-source-post_title\" ><h4 style=\"text-align: left\" >Steinel<\/h4><\/div><div class=\"vc_separator wpb_content_element vc_separator_align_center vc_sep_width_50 vc_sep_border_width_2 vc_sep_pos_align_left vc_separator_no_text vc_sep_color_black\" ><span class=\"vc_sep_holder vc_sep_holder_l\"><span  class=\"vc_sep_line\"><\/span><\/span><span class=\"vc_sep_holder vc_sep_holder_r\"><span  class=\"vc_sep_line\"><\/span><\/span>\n<\/div><div class=\"vc_custom_heading vc_gitem-post-data vc_gitem-post-data-source-post_excerpt\" ><p style=\"text-align: left\" >STEINEL \u2013 sensoru sist\u0113mu, sensoru komut\u0101cijas apgaismojuma un siltuma instrumentu speci\u0101lists. M\u016bsu inov\u0101ciju idejas ir balst\u012btas uz vienk\u0101r\u0161u principu: m\u0113s dom\u0101jam \u0101rpus kastes un r\u016bp\u012bgi p\u0101rbaud\u0101m lietas, kas tiek uzskat\u012btas par pa\u0161saprotam\u0101m \u2014 vienm\u0113r dialog\u0101 ar klientiem, pat\u0113r\u0113t\u0101jiem un m\u016bsu 1600 darbiniekiem no vair\u0101k nek\u0101 20 valst\u012bm. M\u0101jas lapa: https:\/\/www.steinel.de Adrese: -<\/p><\/div><\/div><\/div><\/div><\/div><\/div><\/div><div class=\"vc_clearfix\"><\/div><\/div><div class=\"vc_grid-item vc_clearfix vc_col-sm-4\"><div class=\"vc_grid-item-mini vc_clearfix \"><div class=\"vc_gitem-animated-block  vc_gitem-animate vc_gitem-animate-slideInRight\"  data-vc-animation=\"slideInRight\"\"><div class=\"vc_gitem-zone vc_gitem-zone-a\" style=\"background-image: url('https:\/\/apgaismojums.lv\/wp-content\/uploads\/2023\/03\/Esylux.jpg') !important;\"><img decoding=\"async\" src=\"https:\/\/apgaismojums.lv\/wp-content\/uploads\/2023\/03\/Esylux.jpg\" class=\"vc_gitem-zone-img\" alt=\"\"><div class=\"vc_gitem-zone-mini\"><\/div><\/div><div class=\"vc_gitem-zone vc_gitem-zone-b vc_custom_1419328927507 vc-gitem-zone-height-mode-auto vc_gitem-is-link\"><a href=\"https:\/\/apgaismojums.lv\/en\/esylux\" title=\"Esylux\" class=\"vc_gitem-link vc-zone-link\"><\/a><div class=\"vc_gitem-zone-mini\"><div class=\"vc_gitem_row vc_row vc_gitem-row-position-top\"><div class=\"vc_col-sm-12 vc_gitem-col vc_gitem-col-align-\"><div class=\"vc_custom_heading vc_gitem-post-data vc_gitem-post-data-source-post_title\" ><h4 style=\"text-align: left\" >Esylux<\/h4><\/div><div class=\"vc_separator wpb_content_element vc_separator_align_center vc_sep_width_50 vc_sep_border_width_2 vc_sep_pos_align_left vc_separator_no_text vc_sep_color_black\" ><span class=\"vc_sep_holder vc_sep_holder_l\"><span  class=\"vc_sep_line\"><\/span><\/span><span class=\"vc_sep_holder vc_sep_holder_r\"><span  class=\"vc_sep_line\"><\/span><\/span>\n<\/div><div class=\"vc_custom_heading vc_gitem-post-data vc_gitem-post-data-source-post_excerpt\" ><p style=\"text-align: left\" >ESYLUX izstr\u0101d\u0101, ra\u017eo un izplata inteli\u0123entus automatiz\u0101cijas un apgaismojuma risin\u0101jumus, kas nodro\u0161ina lab\u0101ku dz\u012bves kvalit\u0101ti un energoefektivit\u0101ti biroju \u0113k\u0101s, izgl\u012bt\u012bbas iest\u0101d\u0113s un vesel\u012bbas iest\u0101d\u0113s. M\u016bsu darb\u012bbas pamat\u0101 ir cilv\u0113ku pras\u012bbas un vajadz\u012bbas. Lai izpild\u012btu \u0161o standartu, m\u0113s izmantojam savu pieredzi elektronikas un automatiz\u0101cijas jom\u0101, lai izstr\u0101d\u0101tu t\u0101das jomas k\u0101 LED sist\u0113mas energoefekt\u012bvai, biolo\u0123iski efekt\u012bvai gaismai. [...]<\/p><\/div><\/div><\/div><\/div><\/div><\/div><\/div><div class=\"vc_clearfix\"><\/div><\/div><div class=\"vc_grid-item vc_clearfix vc_col-sm-4\"><div class=\"vc_grid-item-mini vc_clearfix \"><div class=\"vc_gitem-animated-block  vc_gitem-animate vc_gitem-animate-slideInRight\"  data-vc-animation=\"slideInRight\"\"><div class=\"vc_gitem-zone vc_gitem-zone-a\" style=\"background-image: url('https:\/\/apgaismojums.lv\/wp-content\/uploads\/2023\/03\/Zamel.jpg') !important;\"><img decoding=\"async\" src=\"https:\/\/apgaismojums.lv\/wp-content\/uploads\/2023\/03\/Zamel.jpg\" class=\"vc_gitem-zone-img\" alt=\"\"><div class=\"vc_gitem-zone-mini\"><\/div><\/div><div class=\"vc_gitem-zone vc_gitem-zone-b vc_custom_1419328927507 vc-gitem-zone-height-mode-auto vc_gitem-is-link\"><a href=\"https:\/\/apgaismojums.lv\/en\/zamel\" title=\"Zamel\" class=\"vc_gitem-link vc-zone-link\"><\/a><div class=\"vc_gitem-zone-mini\"><div class=\"vc_gitem_row vc_row vc_gitem-row-position-top\"><div class=\"vc_col-sm-12 vc_gitem-col vc_gitem-col-align-\"><div class=\"vc_custom_heading vc_gitem-post-data vc_gitem-post-data-source-post_title\" ><h4 style=\"text-align: left\" >Zamel<\/h4><\/div><div class=\"vc_separator wpb_content_element vc_separator_align_center vc_sep_width_50 vc_sep_border_width_2 vc_sep_pos_align_left vc_separator_no_text vc_sep_color_black\" ><span class=\"vc_sep_holder vc_sep_holder_l\"><span  class=\"vc_sep_line\"><\/span><\/span><span class=\"vc_sep_holder vc_sep_holder_r\"><span  class=\"vc_sep_line\"><\/span><\/span>\n<\/div><div class=\"vc_custom_heading vc_gitem-post-data vc_gitem-post-data-source-post_excerpt\" ><p style=\"text-align: left\" >M\u0113s esam Polijas \u0123imenes uz\u0146\u0113mums, kas atrodas P\u0161\u010din\u0101 Jau vair\u0101k nek\u0101 30 gadus darbojamies elektrotehnikas nozares tirg\u016b, dinamiski att\u012bstoties. M\u016bsu darb\u012bbas pamats ir nodro\u0161in\u0101t augst\u0101k\u0101s kvalit\u0101tes produktus un klientu apkalpo\u0161anas standartu, priorit\u0101te - t\u0101 apmierin\u0101t\u012bba. M\u0113s uzvaram ar m\u016bsu produktu kvalit\u0101ti, cenu un m\u016bsdien\u012bgu dizainu ar sp\u0113c\u012bgiem \u0101rvalstu konkurentiem, vienlaikus populariz\u0113jot Polijas produktus un piln\u012bb\u0101 [...]<\/p><\/div><\/div><\/div><\/div><\/div><\/div><\/div><div class=\"vc_clearfix\"><\/div><\/div><div class=\"vc_grid-item vc_clearfix vc_col-sm-4\"><div class=\"vc_grid-item-mini vc_clearfix \"><div class=\"vc_gitem-animated-block  vc_gitem-animate vc_gitem-animate-slideInRight\"  data-vc-animation=\"slideInRight\"\"><div class=\"vc_gitem-zone vc_gitem-zone-a\" style=\"background-image: url('https:\/\/apgaismojums.lv\/wp-content\/uploads\/2023\/02\/ABB-Ltd.jpg') !important;\"><img decoding=\"async\" src=\"https:\/\/apgaismojums.lv\/wp-content\/uploads\/2023\/02\/ABB-Ltd.jpg\" class=\"vc_gitem-zone-img\" alt=\"\"><div class=\"vc_gitem-zone-mini\"><\/div><\/div><div class=\"vc_gitem-zone vc_gitem-zone-b vc_custom_1419328927507 vc-gitem-zone-height-mode-auto vc_gitem-is-link\"><a href=\"https:\/\/apgaismojums.lv\/en\/abb\" title=\"ABB\" class=\"vc_gitem-link vc-zone-link\"><\/a><div class=\"vc_gitem-zone-mini\"><div class=\"vc_gitem_row vc_row vc_gitem-row-position-top\"><div class=\"vc_col-sm-12 vc_gitem-col vc_gitem-col-align-\"><div class=\"vc_custom_heading vc_gitem-post-data vc_gitem-post-data-source-post_title\" ><h4 style=\"text-align: left\" >ABB<\/h4><\/div><div class=\"vc_separator wpb_content_element vc_separator_align_center vc_sep_width_50 vc_sep_border_width_2 vc_sep_pos_align_left vc_separator_no_text vc_sep_color_black\" ><span class=\"vc_sep_holder vc_sep_holder_l\"><span  class=\"vc_sep_line\"><\/span><\/span><span class=\"vc_sep_holder vc_sep_holder_r\"><span  class=\"vc_sep_line\"><\/span><\/span>\n<\/div><div class=\"vc_custom_heading vc_gitem-post-data vc_gitem-post-data-source-post_excerpt\" ><p style=\"text-align: left\" >ABB Ltd. ir zviedru un \u0160veices daudznacion\u0101la korpor\u0101cija, kuras galven\u0101 m\u012btne atrodas C\u012brih\u0113, \u0160veic\u0113.[5] Uz\u0146\u0113mums tika izveidots 1988. gad\u0101, kad Zviedrijas Allm\u00e4nna Svenska Elektriska Aktiebolaget (ASEA) un \u0160veices Brown, Boveri &amp; Cie apvienoj\u0101s, izveidojot ASEA Brown Boveri, kas v\u0113l\u0101k tika vienk\u0101r\u0161ota l\u012bdz inici\u0101\u013ciem ABB. Abi uz\u0146\u0113mumi tika dibin\u0101ti 1800. gadu beig\u0101s un bija liel\u0101kie elektroiek\u0101rtu [...]<\/p><\/div><\/div><\/div><\/div><\/div><\/div><\/div><div class=\"vc_clearfix\"><\/div><\/div><\/div><\/div>\n\t<\/div>\n<\/div><\/div><\/div><\/div><\/div><\/div>\n","protected":false},"excerpt":{"rendered":"Helvar Uz\u0146\u0113mum\u0101 Helvar m\u0113s rad\u0101m inteli\u0123entus un ener\u0123iju taupo\u0161us apgaismojuma risin\u0101jumus. Inteli\u0123ents apgaismojums ir b\u016btisks darbinieku, klientu, apmekl\u0113t\u0101ju, pacientu labkl\u0101j\u012bbai\u2026 Helvar risin\u0101jumi pal\u012bdz rad\u012bt viedu vidi, kas veidota n\u0101kotnei, izmantojot inform\u0101ciju un nevainojami str\u0101d\u0101jot ar cit\u0101m sist\u0113m\u0101m. M\u016bsu produkti tiek uzskat\u012bti par lab\u0101kajiem sav\u0101 klas\u0113 uzticam\u012bbas, savietojam\u012bbas un elast\u012bbas zi\u0146\u0101. Ar pla\u0161o moderno apgaismojuma risin\u0101jumu [...]","protected":false},"author":1,"featured_media":0,"parent":5069,"menu_order":10,"comment_status":"closed","ping_status":"closed","template":"","meta":{"ngg_post_thumbnail":0,"footnotes":""},"class_list":["post-5164","page","type-page","status-publish","hentry"],"yoast_head":"<!-- This site is optimized with the Yoast SEO plugin v25.2 - https:\/\/yoast.com\/wordpress\/plugins\/seo\/ -->\n<title>Autom\u0101tika un vad\u012bba - ACDC Group, SIA<\/title>\n<meta name=\"description\" content=\"Autom\u0101tika un vad\u012bba | | ACDC Group, SIA\" \/>\n<meta name=\"robots\" content=\"index, follow, max-snippet:-1, max-image-preview:large, max-video-preview:-1\" \/>\n<link rel=\"canonical\" href=\"https:\/\/apgaismojums.lv\/en\/products\/automation-and-control\" \/>\n<meta property=\"og:locale\" content=\"en_GB\" \/>\n<meta property=\"og:type\" content=\"article\" \/>\n<meta property=\"og:title\" content=\"Autom\u0101tika un vad\u012bba - ACDC Group, SIA\" \/>\n<meta property=\"og:description\" content=\"Autom\u0101tika un vad\u012bba | | ACDC Group, SIA\" \/>\n<meta property=\"og:url\" content=\"https:\/\/apgaismojums.lv\/en\/products\/automation-and-control\" \/>\n<meta property=\"og:site_name\" content=\"ACDC Group, SIA\" \/>\n<meta property=\"article:modified_time\" content=\"2023-06-07T17:16:54+00:00\" \/>\n<meta name=\"twitter:card\" content=\"summary_large_image\" \/>\n<script type=\"application\/ld+json\" class=\"yoast-schema-graph\">{\"@context\":\"https:\/\/schema.org\",\"@graph\":[{\"@type\":\"WebPage\",\"@id\":\"https:\/\/apgaismojums.lv\/produkti\/automatika-un-vadiba\",\"url\":\"https:\/\/apgaismojums.lv\/produkti\/automatika-un-vadiba\",\"name\":\"Autom\u0101tika un vad\u012bba - ACDC Group, SIA\",\"isPartOf\":{\"@id\":\"https:\/\/apgaismojums.lv\/#website\"},\"datePublished\":\"2023-02-28T10:33:39+00:00\",\"dateModified\":\"2023-06-07T17:16:54+00:00\",\"description\":\"Autom\u0101tika un vad\u012bba | | ACDC Group, SIA\",\"breadcrumb\":{\"@id\":\"https:\/\/apgaismojums.lv\/produkti\/automatika-un-vadiba#breadcrumb\"},\"inLanguage\":\"en-GB\",\"potentialAction\":[{\"@type\":\"ReadAction\",\"target\":[\"https:\/\/apgaismojums.lv\/produkti\/automatika-un-vadiba\"]}]},{\"@type\":\"BreadcrumbList\",\"@id\":\"https:\/\/apgaismojums.lv\/produkti\/automatika-un-vadiba#breadcrumb\",\"itemListElement\":[{\"@type\":\"ListItem\",\"position\":1,\"name\":\"Home\",\"item\":\"https:\/\/apgaismojums.lv\/\"},{\"@type\":\"ListItem\",\"position\":2,\"name\":\"Produkti\",\"item\":\"https:\/\/apgaismojums.lv\/produkti\"},{\"@type\":\"ListItem\",\"position\":3,\"name\":\"Autom\u0101tika un vad\u012bba\"}]},{\"@type\":\"WebSite\",\"@id\":\"https:\/\/apgaismojums.lv\/#website\",\"url\":\"https:\/\/apgaismojums.lv\/\",\"name\":\"ACDC Group, SIA\",\"description\":\"apgaismojuma risin\u0101jumi\",\"publisher\":{\"@id\":\"https:\/\/apgaismojums.lv\/#organization\"},\"potentialAction\":[{\"@type\":\"SearchAction\",\"target\":{\"@type\":\"EntryPoint\",\"urlTemplate\":\"https:\/\/apgaismojums.lv\/?s={search_term_string}\"},\"query-input\":{\"@type\":\"PropertyValueSpecification\",\"valueRequired\":true,\"valueName\":\"search_term_string\"}}],\"inLanguage\":\"en-GB\"},{\"@type\":\"Organization\",\"@id\":\"https:\/\/apgaismojums.lv\/#organization\",\"name\":\"Apgaismojums\",\"url\":\"https:\/\/apgaismojums.lv\/\",\"logo\":{\"@type\":\"ImageObject\",\"inLanguage\":\"en-GB\",\"@id\":\"https:\/\/apgaismojums.lv\/#\/schema\/logo\/image\/\",\"url\":\"https:\/\/apgaismojums.lv\/wp-content\/uploads\/2021\/03\/logo.png\",\"contentUrl\":\"https:\/\/apgaismojums.lv\/wp-content\/uploads\/2021\/03\/logo.png\",\"width\":372,\"height\":120,\"caption\":\"Apgaismojums\"},\"image\":{\"@id\":\"https:\/\/apgaismojums.lv\/#\/schema\/logo\/image\/\"}}]}<\/script>\n<!-- \/ Yoast SEO plugin. -->","yoast_head_json":{"title":"Autom\u0101tika un vad\u012bba - ACDC Group, SIA","description":"Autom\u0101tika un vad\u012bba | | ACDC Group, SIA","robots":{"index":"index","follow":"follow","max-snippet":"max-snippet:-1","max-image-preview":"max-image-preview:large","max-video-preview":"max-video-preview:-1"},"canonical":"https:\/\/apgaismojums.lv\/en\/products\/automation-and-control","og_locale":"en_GB","og_type":"article","og_title":"Autom\u0101tika un vad\u012bba - ACDC Group, SIA","og_description":"Autom\u0101tika un vad\u012bba | | ACDC Group, SIA","og_url":"https:\/\/apgaismojums.lv\/en\/products\/automation-and-control","og_site_name":"ACDC Group, SIA","article_modified_time":"2023-06-07T17:16:54+00:00","twitter_card":"summary_large_image","schema":{"@context":"https:\/\/schema.org","@graph":[{"@type":"WebPage","@id":"https:\/\/apgaismojums.lv\/produkti\/automatika-un-vadiba","url":"https:\/\/apgaismojums.lv\/produkti\/automatika-un-vadiba","name":"Autom\u0101tika un vad\u012bba - ACDC Group, SIA","isPartOf":{"@id":"https:\/\/apgaismojums.lv\/#website"},"datePublished":"2023-02-28T10:33:39+00:00","dateModified":"2023-06-07T17:16:54+00:00","description":"Autom\u0101tika un vad\u012bba | | ACDC Group, SIA","breadcrumb":{"@id":"https:\/\/apgaismojums.lv\/produkti\/automatika-un-vadiba#breadcrumb"},"inLanguage":"en-GB","potentialAction":[{"@type":"ReadAction","target":["https:\/\/apgaismojums.lv\/produkti\/automatika-un-vadiba"]}]},{"@type":"BreadcrumbList","@id":"https:\/\/apgaismojums.lv\/produkti\/automatika-un-vadiba#breadcrumb","itemListElement":[{"@type":"ListItem","position":1,"name":"Home","item":"https:\/\/apgaismojums.lv\/"},{"@type":"ListItem","position":2,"name":"Produkti","item":"https:\/\/apgaismojums.lv\/produkti"},{"@type":"ListItem","position":3,"name":"Autom\u0101tika un vad\u012bba"}]},{"@type":"WebSite","@id":"https:\/\/apgaismojums.lv\/#website","url":"https:\/\/apgaismojums.lv\/","name":"ACDC Group, SIA","description":"lighting solutions","publisher":{"@id":"https:\/\/apgaismojums.lv\/#organization"},"potentialAction":[{"@type":"SearchAction","target":{"@type":"EntryPoint","urlTemplate":"https:\/\/apgaismojums.lv\/?s={search_term_string}"},"query-input":{"@type":"PropertyValueSpecification","valueRequired":true,"valueName":"search_term_string"}}],"inLanguage":"en-GB"},{"@type":"Organization","@id":"https:\/\/apgaismojums.lv\/#organization","name":"Lighting","url":"https:\/\/apgaismojums.lv\/","logo":{"@type":"ImageObject","inLanguage":"en-GB","@id":"https:\/\/apgaismojums.lv\/#\/schema\/logo\/image\/","url":"https:\/\/apgaismojums.lv\/wp-content\/uploads\/2021\/03\/logo.png","contentUrl":"https:\/\/apgaismojums.lv\/wp-content\/uploads\/2021\/03\/logo.png","width":372,"height":120,"caption":"Apgaismojums"},"image":{"@id":"https:\/\/apgaismojums.lv\/#\/schema\/logo\/image\/"}}]}},"_links":{"self":[{"href":"https:\/\/apgaismojums.lv\/en\/wp-json\/wp\/v2\/pages\/5164"}],"collection":[{"href":"https:\/\/apgaismojums.lv\/en\/wp-json\/wp\/v2\/pages"}],"about":[{"href":"https:\/\/apgaismojums.lv\/en\/wp-json\/wp\/v2\/types\/page"}],"author":[{"embeddable":true,"href":"https:\/\/apgaismojums.lv\/en\/wp-json\/wp\/v2\/users\/1"}],"replies":[{"embeddable":true,"href":"https:\/\/apgaismojums.lv\/en\/wp-json\/wp\/v2\/comments?post=5164"}],"version-history":[{"count":0,"href":"https:\/\/apgaismojums.lv\/en\/wp-json\/wp\/v2\/pages\/5164\/revisions"}],"up":[{"embeddable":true,"href":"https:\/\/apgaismojums.lv\/en\/wp-json\/wp\/v2\/pages\/5069"}],"wp:attachment":[{"href":"https:\/\/apgaismojums.lv\/en\/wp-json\/wp\/v2\/media?parent=5164"}],"curies":[{"name":"wp","href":"https:\/\/api.w.org\/{rel}","templated":true}]}}