{"id":4173,"date":"2021-03-25T13:51:04","date_gmt":"2021-03-25T11:51:04","guid":{"rendered":"https:\/\/apgaismojums.lv\/?page_id=4173"},"modified":"2025-04-06T21:24:00","modified_gmt":"2025-04-06T18:24:00","slug":"news","status":"publish","type":"page","link":"https:\/\/apgaismojums.lv\/en\/news","title":{"rendered":"News"},"content":{"rendered":"<div class=\"fullwidth\"><div class=\"vc_row wpb_row vc_row-fluid\"><div class=\"wpb_column vc_column_container vc_col-sm-12\"><div class=\"vc_column-inner\"><div class=\"wpb_wrapper\"><div class=\"container\"><div class=\"vc_row wpb_row vc_inner vc_row-fluid\"><div class=\"wpb_column vc_column_container vc_col-sm-12\"><div class=\"vc_column-inner\"><div class=\"wpb_wrapper\">\n<div class=\"vc_grid-container-wrapper vc_clearfix\">\n\t<div class=\"vc_grid-container vc_clearfix wpb_content_element vc_masonry_grid vc_custom_1618088416229\" data-initial-loading-animation=\"zoomIn\" data-vc-grid-settings=\"{&quot;page_id&quot;:4173,&quot;style&quot;:&quot;all-masonry&quot;,&quot;action&quot;:&quot;vc_get_vc_grid_data&quot;,&quot;shortcode_id&quot;:&quot;1618088811904-d46be7ef-ca75-7&quot;,&quot;tag&quot;:&quot;vc_masonry_grid&quot;}\" data-vc-request=\"https:\/\/apgaismojums.lv\/wp-admin\/admin-ajax.php\" data-vc-post-id=\"4173\" data-vc-public-nonce=\"d0c100e039\">\n\t\t\n\t<\/div>\n<\/div><\/div><\/div><\/div><\/div><\/div><\/div><\/div><\/div><\/div><\/div>","protected":false},"excerpt":{"rendered":"","protected":false},"author":1,"featured_media":0,"parent":0,"menu_order":3,"comment_status":"closed","ping_status":"closed","template":"","meta":{"ngg_post_thumbnail":0,"footnotes":""},"class_list":["post-4173","page","type-page","status-publish","hentry"],"yoast_head":"<!-- This site is optimized with the Yoast SEO plugin v25.2 - https:\/\/yoast.com\/wordpress\/plugins\/seo\/ -->\n<title>Jaunumi un Tendences Apgaismojum\u0101 | Gudri Risin\u0101jumi un Iedvesma \u2013 Apgaismojums.lv<\/title>\n<meta name=\"description\" content=\"Uzzini jaun\u0101k\u0101s apgaismojuma tendences, dizaina idejas un padomus efekt\u012bvam apgaismojumam m\u0101j\u0101s un d\u0101rz\u0101. Iedvesmojies ar Apgaismojums.lv jaunumu sada\u013cu!\" \/>\n<meta name=\"robots\" content=\"index, follow, max-snippet:-1, max-image-preview:large, max-video-preview:-1\" \/>\n<link rel=\"canonical\" href=\"https:\/\/apgaismojums.lv\/en\/news\" \/>\n<meta property=\"og:locale\" content=\"en_GB\" \/>\n<meta property=\"og:type\" content=\"article\" \/>\n<meta property=\"og:title\" content=\"Jaunumi un Tendences Apgaismojum\u0101 | Gudri Risin\u0101jumi un Iedvesma \u2013 Apgaismojums.lv\" \/>\n<meta property=\"og:description\" content=\"Uzzini jaun\u0101k\u0101s apgaismojuma tendences, dizaina idejas un padomus efekt\u012bvam apgaismojumam m\u0101j\u0101s un d\u0101rz\u0101. Iedvesmojies ar Apgaismojums.lv jaunumu sada\u013cu!\" \/>\n<meta property=\"og:url\" content=\"https:\/\/apgaismojums.lv\/en\/news\" \/>\n<meta property=\"og:site_name\" content=\"ACDC Group, SIA\" \/>\n<meta property=\"article:modified_time\" content=\"2025-04-06T18:24:00+00:00\" \/>\n<meta name=\"twitter:card\" content=\"summary_large_image\" \/>\n<meta name=\"twitter:label1\" content=\"Estimated reading time\" \/>\n\t<meta name=\"twitter:data1\" content=\"1 minute\" \/>\n<script type=\"application\/ld+json\" class=\"yoast-schema-graph\">{\"@context\":\"https:\/\/schema.org\",\"@graph\":[{\"@type\":\"WebPage\",\"@id\":\"https:\/\/apgaismojums.lv\/jaunumi\",\"url\":\"https:\/\/apgaismojums.lv\/jaunumi\",\"name\":\"Jaunumi un Tendences Apgaismojum\u0101 | Gudri Risin\u0101jumi un Iedvesma \u2013 Apgaismojums.lv\",\"isPartOf\":{\"@id\":\"https:\/\/apgaismojums.lv\/#website\"},\"datePublished\":\"2021-03-25T11:51:04+00:00\",\"dateModified\":\"2025-04-06T18:24:00+00:00\",\"description\":\"Uzzini jaun\u0101k\u0101s apgaismojuma tendences, dizaina idejas un padomus efekt\u012bvam apgaismojumam m\u0101j\u0101s un d\u0101rz\u0101. Iedvesmojies ar Apgaismojums.lv jaunumu sada\u013cu!\",\"breadcrumb\":{\"@id\":\"https:\/\/apgaismojums.lv\/jaunumi#breadcrumb\"},\"inLanguage\":\"en-GB\",\"potentialAction\":[{\"@type\":\"ReadAction\",\"target\":[\"https:\/\/apgaismojums.lv\/jaunumi\"]}]},{\"@type\":\"BreadcrumbList\",\"@id\":\"https:\/\/apgaismojums.lv\/jaunumi#breadcrumb\",\"itemListElement\":[{\"@type\":\"ListItem\",\"position\":1,\"name\":\"Home\",\"item\":\"https:\/\/apgaismojums.lv\/\"},{\"@type\":\"ListItem\",\"position\":2,\"name\":\"Jaunumi\"}]},{\"@type\":\"WebSite\",\"@id\":\"https:\/\/apgaismojums.lv\/#website\",\"url\":\"https:\/\/apgaismojums.lv\/\",\"name\":\"ACDC Group, SIA\",\"description\":\"apgaismojuma risin\u0101jumi\",\"publisher\":{\"@id\":\"https:\/\/apgaismojums.lv\/#organization\"},\"potentialAction\":[{\"@type\":\"SearchAction\",\"target\":{\"@type\":\"EntryPoint\",\"urlTemplate\":\"https:\/\/apgaismojums.lv\/?s={search_term_string}\"},\"query-input\":{\"@type\":\"PropertyValueSpecification\",\"valueRequired\":true,\"valueName\":\"search_term_string\"}}],\"inLanguage\":\"en-GB\"},{\"@type\":\"Organization\",\"@id\":\"https:\/\/apgaismojums.lv\/#organization\",\"name\":\"Apgaismojums\",\"url\":\"https:\/\/apgaismojums.lv\/\",\"logo\":{\"@type\":\"ImageObject\",\"inLanguage\":\"en-GB\",\"@id\":\"https:\/\/apgaismojums.lv\/#\/schema\/logo\/image\/\",\"url\":\"https:\/\/apgaismojums.lv\/wp-content\/uploads\/2021\/03\/logo.png\",\"contentUrl\":\"https:\/\/apgaismojums.lv\/wp-content\/uploads\/2021\/03\/logo.png\",\"width\":372,\"height\":120,\"caption\":\"Apgaismojums\"},\"image\":{\"@id\":\"https:\/\/apgaismojums.lv\/#\/schema\/logo\/image\/\"}}]}<\/script>\n<!-- \/ Yoast SEO plugin. -->","yoast_head_json":{"title":"Jaunumi un Tendences Apgaismojum\u0101 | Gudri Risin\u0101jumi un Iedvesma \u2013 Apgaismojums.lv","description":"Uzzini jaun\u0101k\u0101s apgaismojuma tendences, dizaina idejas un padomus efekt\u012bvam apgaismojumam m\u0101j\u0101s un d\u0101rz\u0101. Iedvesmojies ar Apgaismojums.lv jaunumu sada\u013cu!","robots":{"index":"index","follow":"follow","max-snippet":"max-snippet:-1","max-image-preview":"max-image-preview:large","max-video-preview":"max-video-preview:-1"},"canonical":"https:\/\/apgaismojums.lv\/en\/news","og_locale":"en_GB","og_type":"article","og_title":"Jaunumi un Tendences Apgaismojum\u0101 | Gudri Risin\u0101jumi un Iedvesma \u2013 Apgaismojums.lv","og_description":"Uzzini jaun\u0101k\u0101s apgaismojuma tendences, dizaina idejas un padomus efekt\u012bvam apgaismojumam m\u0101j\u0101s un d\u0101rz\u0101. Iedvesmojies ar Apgaismojums.lv jaunumu sada\u013cu!","og_url":"https:\/\/apgaismojums.lv\/en\/news","og_site_name":"ACDC Group, SIA","article_modified_time":"2025-04-06T18:24:00+00:00","twitter_card":"summary_large_image","twitter_misc":{"Estimated reading time":"1 minute"},"schema":{"@context":"https:\/\/schema.org","@graph":[{"@type":"WebPage","@id":"https:\/\/apgaismojums.lv\/jaunumi","url":"https:\/\/apgaismojums.lv\/jaunumi","name":"Jaunumi un Tendences Apgaismojum\u0101 | Gudri Risin\u0101jumi un Iedvesma \u2013 Apgaismojums.lv","isPartOf":{"@id":"https:\/\/apgaismojums.lv\/#website"},"datePublished":"2021-03-25T11:51:04+00:00","dateModified":"2025-04-06T18:24:00+00:00","description":"Uzzini jaun\u0101k\u0101s apgaismojuma tendences, dizaina idejas un padomus efekt\u012bvam apgaismojumam m\u0101j\u0101s un d\u0101rz\u0101. Iedvesmojies ar Apgaismojums.lv jaunumu sada\u013cu!","breadcrumb":{"@id":"https:\/\/apgaismojums.lv\/jaunumi#breadcrumb"},"inLanguage":"en-GB","potentialAction":[{"@type":"ReadAction","target":["https:\/\/apgaismojums.lv\/jaunumi"]}]},{"@type":"BreadcrumbList","@id":"https:\/\/apgaismojums.lv\/jaunumi#breadcrumb","itemListElement":[{"@type":"ListItem","position":1,"name":"Home","item":"https:\/\/apgaismojums.lv\/"},{"@type":"ListItem","position":2,"name":"Jaunumi"}]},{"@type":"WebSite","@id":"https:\/\/apgaismojums.lv\/#website","url":"https:\/\/apgaismojums.lv\/","name":"ACDC Group, SIA","description":"lighting solutions","publisher":{"@id":"https:\/\/apgaismojums.lv\/#organization"},"potentialAction":[{"@type":"SearchAction","target":{"@type":"EntryPoint","urlTemplate":"https:\/\/apgaismojums.lv\/?s={search_term_string}"},"query-input":{"@type":"PropertyValueSpecification","valueRequired":true,"valueName":"search_term_string"}}],"inLanguage":"en-GB"},{"@type":"Organization","@id":"https:\/\/apgaismojums.lv\/#organization","name":"Lighting","url":"https:\/\/apgaismojums.lv\/","logo":{"@type":"ImageObject","inLanguage":"en-GB","@id":"https:\/\/apgaismojums.lv\/#\/schema\/logo\/image\/","url":"https:\/\/apgaismojums.lv\/wp-content\/uploads\/2021\/03\/logo.png","contentUrl":"https:\/\/apgaismojums.lv\/wp-content\/uploads\/2021\/03\/logo.png","width":372,"height":120,"caption":"Apgaismojums"},"image":{"@id":"https:\/\/apgaismojums.lv\/#\/schema\/logo\/image\/"}}]}},"_links":{"self":[{"href":"https:\/\/apgaismojums.lv\/en\/wp-json\/wp\/v2\/pages\/4173"}],"collection":[{"href":"https:\/\/apgaismojums.lv\/en\/wp-json\/wp\/v2\/pages"}],"about":[{"href":"https:\/\/apgaismojums.lv\/en\/wp-json\/wp\/v2\/types\/page"}],"author":[{"embeddable":true,"href":"https:\/\/apgaismojums.lv\/en\/wp-json\/wp\/v2\/users\/1"}],"replies":[{"embeddable":true,"href":"https:\/\/apgaismojums.lv\/en\/wp-json\/wp\/v2\/comments?post=4173"}],"version-history":[{"count":0,"href":"https:\/\/apgaismojums.lv\/en\/wp-json\/wp\/v2\/pages\/4173\/revisions"}],"wp:attachment":[{"href":"https:\/\/apgaismojums.lv\/en\/wp-json\/wp\/v2\/media?parent=4173"}],"curies":[{"name":"wp","href":"https:\/\/api.w.org\/{rel}","templated":true}]}}