{"id":38,"date":"2016-05-19T07:01:09","date_gmt":"2016-05-19T07:01:09","guid":{"rendered":"http:\/\/themes.g5plus.net\/pithree\/?page_id=38"},"modified":"2025-05-26T20:20:08","modified_gmt":"2025-05-26T17:20:08","slug":"contacts","status":"publish","type":"page","link":"https:\/\/apgaismojums.lv\/en\/contacts","title":{"rendered":"Contact"},"content":{"rendered":"<div class=\"container\"><div class=\"vc_row wpb_row vc_row-fluid mg-top-90 mg-bottom-90 sm-mg-top-50 sm-mg-bottom-50\"><div class=\"sm-mg-bottom-40 wpb_column vc_column_container vc_col-sm-8\"><div class=\"vc_column-inner\"><div class=\"wpb_wrapper\">\n\t<div class=\"wpb_text_column wpb_content_element\" >\n\t\t<div class=\"wpb_wrapper\">\n\t\t\t<p><img loading=\"lazy\" decoding=\"async\" class=\"alignnone size-full wp-image-4454\" src=\"https:\/\/apgaismojums.lv\/wp-content\/uploads\/2021\/05\/Kontakti.jpg\" alt=\"\" width=\"625\" height=\"380\" srcset=\"https:\/\/apgaismojums.lv\/wp-content\/uploads\/2021\/05\/Kontakti.jpg 625w, https:\/\/apgaismojums.lv\/wp-content\/uploads\/2021\/05\/Kontakti-300x182.jpg 300w\" sizes=\"(max-width: 625px) 100vw, 625px\" \/><\/p>\n\n\t\t<\/div>\n\t<\/div>\n<\/div><\/div><\/div><div class=\"wpb_column vc_column_container vc_col-sm-4\"><div class=\"vc_column-inner\"><div class=\"wpb_wrapper\">\n\t<div class=\"wpb_text_column wpb_content_element\" >\n\t\t<div class=\"wpb_wrapper\">\n\t\t\t<h3>Contact<\/h3>\n\n\t\t<\/div>\n\t<\/div>\n\n\t<div class=\"wpb_raw_code wpb_content_element wpb_raw_html\" >\n\t\t<div class=\"wpb_wrapper\">\n\t\t\t<div class=\"pi-contact-info\">\n    <ul class=\"contact-info-content\">\n        <li class=\"address\">\n            <i class=\"fa fa-map-marker\"><\/i>\n            <div class=\"info\">\n                <p>59 Dzirnavu Street, Riga, LV-1010, Latvia<\/p>\n            <\/div>\n        <\/li>\n        <li  class=\"phone\">\n            <i class=\"fa fa-phone\"><\/i>\n            <div class=\"info\">\n                <div class=\"phone\"><span>+371 29 142 700 <\/span><\/div>\n            <\/div>\n        <\/li>\n        <li class=\"email\">\n            <i class=\"fa fa-envelope\"><\/i>\n            <div class=\"info\">\n                <a href=\"mailto:contact@pithreepress.com\"> info@apgaismojums.lv<\/a>\n            <\/div>\n        <\/li>\n        <li class=\"social-icon\">\n            <a href=\"https:\/\/www.facebook.com\"><i class=\"fa fa-facebook\"><\/i><\/a>\n            <a href=\"https:\/\/twitter.com\/\"><i class=\"fa fa-twitter\"><\/i><\/a>\n            <a href=\"https:\/\/www.instagram.com\/\"><i class=\"fa fa-instagram\"><\/i><\/a>\n        <\/li>\n    <\/ul>\n<\/div>\n\t\t<\/div>\n\t<\/div>\n<div class=\"vc_empty_space\"   style=\"height: 40px\"><span class=\"vc_empty_space_inner\"><\/span><\/div>\n\t<div class=\"wpb_text_column wpb_content_element\" >\n\t\t<div class=\"wpb_wrapper\">\n\t\t\t<h3>Bank details:<\/h3>\n\n\t\t<\/div>\n\t<\/div>\n\n\t<div class=\"wpb_text_column wpb_content_element\" >\n\t\t<div class=\"wpb_wrapper\">\n\t\t\t<p><strong>Bank:<\/strong> A\/S Citadele banka<br \/>\n<strong>Code:<\/strong> PARXLV22<br \/>\n<strong>Account No.:<\/strong> LV72PARX0022454590001<\/p>\n\n\t\t<\/div>\n\t<\/div>\n<\/div><\/div><\/div><\/div><\/div>","protected":false},"excerpt":{"rendered":"Kontakti Dzirnavu iela 59, R\u012bga, LV-1010, Latvija +371 29 142 700 info@apgaismojums.lv Bankas rekviz\u012bti: Banka: A\/S Citadele banka Kods: PARXLV22 Konta Nr.: LV72PARX0022454590001","protected":false},"author":1,"featured_media":0,"parent":0,"menu_order":8,"comment_status":"closed","ping_status":"closed","template":"","meta":{"ngg_post_thumbnail":0,"footnotes":""},"class_list":["post-38","page","type-page","status-publish","hentry"],"yoast_head":"<!-- This site is optimized with the Yoast SEO plugin v25.2 - https:\/\/yoast.com\/wordpress\/plugins\/seo\/ -->\n<title>Sazinies ar Apgaismojums.lv \u2013 Kontakti un atbalsts<\/title>\n<meta name=\"description\" content=\"Sazinies ar Apgaismojums.lv komand\u0101! Kontaktinform\u0101cija, konsult\u0101cijas un klientu atbalsts visiem apgaismojuma risin\u0101jumiem.\" \/>\n<meta name=\"robots\" content=\"index, follow, max-snippet:-1, max-image-preview:large, max-video-preview:-1\" \/>\n<link rel=\"canonical\" href=\"https:\/\/apgaismojums.lv\/en\/contacts\" \/>\n<meta property=\"og:locale\" content=\"en_GB\" \/>\n<meta property=\"og:type\" content=\"article\" \/>\n<meta property=\"og:title\" content=\"Sazinies ar Apgaismojums.lv \u2013 Kontakti un atbalsts\" \/>\n<meta property=\"og:description\" content=\"Sazinies ar Apgaismojums.lv komand\u0101! Kontaktinform\u0101cija, konsult\u0101cijas un klientu atbalsts visiem apgaismojuma risin\u0101jumiem.\" \/>\n<meta property=\"og:url\" content=\"https:\/\/apgaismojums.lv\/en\/contacts\" \/>\n<meta property=\"og:site_name\" content=\"ACDC Group, SIA\" \/>\n<meta property=\"article:modified_time\" content=\"2025-05-26T17:20:08+00:00\" \/>\n<meta property=\"og:image\" content=\"https:\/\/apgaismojums.lv\/wp-content\/uploads\/2021\/05\/Kontakti.jpg\" \/>\n\t<meta property=\"og:image:width\" content=\"625\" \/>\n\t<meta property=\"og:image:height\" content=\"380\" \/>\n\t<meta property=\"og:image:type\" content=\"image\/jpeg\" \/>\n<meta name=\"twitter:card\" content=\"summary_large_image\" \/>\n<meta name=\"twitter:label1\" content=\"Estimated reading time\" \/>\n\t<meta name=\"twitter:data1\" content=\"1 minute\" \/>\n<script type=\"application\/ld+json\" class=\"yoast-schema-graph\">{\"@context\":\"https:\/\/schema.org\",\"@graph\":[{\"@type\":\"WebPage\",\"@id\":\"https:\/\/apgaismojums.lv\/kontakti\",\"url\":\"https:\/\/apgaismojums.lv\/kontakti\",\"name\":\"Sazinies ar Apgaismojums.lv \u2013 Kontakti un atbalsts\",\"isPartOf\":{\"@id\":\"https:\/\/apgaismojums.lv\/#website\"},\"primaryImageOfPage\":{\"@id\":\"https:\/\/apgaismojums.lv\/kontakti#primaryimage\"},\"image\":{\"@id\":\"https:\/\/apgaismojums.lv\/kontakti#primaryimage\"},\"thumbnailUrl\":\"https:\/\/apgaismojums.lv\/wp-content\/uploads\/2021\/05\/Kontakti.jpg\",\"datePublished\":\"2016-05-19T07:01:09+00:00\",\"dateModified\":\"2025-05-26T17:20:08+00:00\",\"description\":\"Sazinies ar Apgaismojums.lv komand\u0101! Kontaktinform\u0101cija, konsult\u0101cijas un klientu atbalsts visiem apgaismojuma risin\u0101jumiem.\",\"breadcrumb\":{\"@id\":\"https:\/\/apgaismojums.lv\/kontakti#breadcrumb\"},\"inLanguage\":\"en-GB\",\"potentialAction\":[{\"@type\":\"ReadAction\",\"target\":[\"https:\/\/apgaismojums.lv\/kontakti\"]}]},{\"@type\":\"ImageObject\",\"inLanguage\":\"en-GB\",\"@id\":\"https:\/\/apgaismojums.lv\/kontakti#primaryimage\",\"url\":\"https:\/\/apgaismojums.lv\/wp-content\/uploads\/2021\/05\/Kontakti.jpg\",\"contentUrl\":\"https:\/\/apgaismojums.lv\/wp-content\/uploads\/2021\/05\/Kontakti.jpg\"},{\"@type\":\"BreadcrumbList\",\"@id\":\"https:\/\/apgaismojums.lv\/kontakti#breadcrumb\",\"itemListElement\":[{\"@type\":\"ListItem\",\"position\":1,\"name\":\"Home\",\"item\":\"https:\/\/apgaismojums.lv\/\"},{\"@type\":\"ListItem\",\"position\":2,\"name\":\"Kontakti\"}]},{\"@type\":\"WebSite\",\"@id\":\"https:\/\/apgaismojums.lv\/#website\",\"url\":\"https:\/\/apgaismojums.lv\/\",\"name\":\"ACDC Group, SIA\",\"description\":\"apgaismojuma risin\u0101jumi\",\"publisher\":{\"@id\":\"https:\/\/apgaismojums.lv\/#organization\"},\"potentialAction\":[{\"@type\":\"SearchAction\",\"target\":{\"@type\":\"EntryPoint\",\"urlTemplate\":\"https:\/\/apgaismojums.lv\/?s={search_term_string}\"},\"query-input\":{\"@type\":\"PropertyValueSpecification\",\"valueRequired\":true,\"valueName\":\"search_term_string\"}}],\"inLanguage\":\"en-GB\"},{\"@type\":\"Organization\",\"@id\":\"https:\/\/apgaismojums.lv\/#organization\",\"name\":\"Apgaismojums\",\"url\":\"https:\/\/apgaismojums.lv\/\",\"logo\":{\"@type\":\"ImageObject\",\"inLanguage\":\"en-GB\",\"@id\":\"https:\/\/apgaismojums.lv\/#\/schema\/logo\/image\/\",\"url\":\"https:\/\/apgaismojums.lv\/wp-content\/uploads\/2021\/03\/logo.png\",\"contentUrl\":\"https:\/\/apgaismojums.lv\/wp-content\/uploads\/2021\/03\/logo.png\",\"width\":372,\"height\":120,\"caption\":\"Apgaismojums\"},\"image\":{\"@id\":\"https:\/\/apgaismojums.lv\/#\/schema\/logo\/image\/\"}}]}<\/script>\n<!-- \/ Yoast SEO plugin. -->","yoast_head_json":{"title":"Contact Apgaismojums.lv - Contacts and Support","description":"Contact the Apgaismojums.lv team! Contact, advice and customer support for all lighting solutions.","robots":{"index":"index","follow":"follow","max-snippet":"max-snippet:-1","max-image-preview":"max-image-preview:large","max-video-preview":"max-video-preview:-1"},"canonical":"https:\/\/apgaismojums.lv\/en\/contacts","og_locale":"en_GB","og_type":"article","og_title":"Sazinies ar Apgaismojums.lv \u2013 Kontakti un atbalsts","og_description":"Sazinies ar Apgaismojums.lv komand\u0101! Kontaktinform\u0101cija, konsult\u0101cijas un klientu atbalsts visiem apgaismojuma risin\u0101jumiem.","og_url":"https:\/\/apgaismojums.lv\/en\/contacts","og_site_name":"ACDC Group, SIA","article_modified_time":"2025-05-26T17:20:08+00:00","og_image":[{"width":625,"height":380,"url":"https:\/\/apgaismojums.lv\/wp-content\/uploads\/2021\/05\/Kontakti.jpg","type":"image\/jpeg"}],"twitter_card":"summary_large_image","twitter_misc":{"Estimated reading time":"1 minute"},"schema":{"@context":"https:\/\/schema.org","@graph":[{"@type":"WebPage","@id":"https:\/\/apgaismojums.lv\/kontakti","url":"https:\/\/apgaismojums.lv\/kontakti","name":"Contact Apgaismojums.lv - Contacts and Support","isPartOf":{"@id":"https:\/\/apgaismojums.lv\/#website"},"primaryImageOfPage":{"@id":"https:\/\/apgaismojums.lv\/kontakti#primaryimage"},"image":{"@id":"https:\/\/apgaismojums.lv\/kontakti#primaryimage"},"thumbnailUrl":"https:\/\/apgaismojums.lv\/wp-content\/uploads\/2021\/05\/Kontakti.jpg","datePublished":"2016-05-19T07:01:09+00:00","dateModified":"2025-05-26T17:20:08+00:00","description":"Contact the Apgaismojums.lv team! Contact, advice and customer support for all lighting solutions.","breadcrumb":{"@id":"https:\/\/apgaismojums.lv\/kontakti#breadcrumb"},"inLanguage":"en-GB","potentialAction":[{"@type":"ReadAction","target":["https:\/\/apgaismojums.lv\/kontakti"]}]},{"@type":"ImageObject","inLanguage":"en-GB","@id":"https:\/\/apgaismojums.lv\/kontakti#primaryimage","url":"https:\/\/apgaismojums.lv\/wp-content\/uploads\/2021\/05\/Kontakti.jpg","contentUrl":"https:\/\/apgaismojums.lv\/wp-content\/uploads\/2021\/05\/Kontakti.jpg"},{"@type":"BreadcrumbList","@id":"https:\/\/apgaismojums.lv\/kontakti#breadcrumb","itemListElement":[{"@type":"ListItem","position":1,"name":"Home","item":"https:\/\/apgaismojums.lv\/"},{"@type":"ListItem","position":2,"name":"Kontakti"}]},{"@type":"WebSite","@id":"https:\/\/apgaismojums.lv\/#website","url":"https:\/\/apgaismojums.lv\/","name":"ACDC Group, SIA","description":"lighting solutions","publisher":{"@id":"https:\/\/apgaismojums.lv\/#organization"},"potentialAction":[{"@type":"SearchAction","target":{"@type":"EntryPoint","urlTemplate":"https:\/\/apgaismojums.lv\/?s={search_term_string}"},"query-input":{"@type":"PropertyValueSpecification","valueRequired":true,"valueName":"search_term_string"}}],"inLanguage":"en-GB"},{"@type":"Organization","@id":"https:\/\/apgaismojums.lv\/#organization","name":"Lighting","url":"https:\/\/apgaismojums.lv\/","logo":{"@type":"ImageObject","inLanguage":"en-GB","@id":"https:\/\/apgaismojums.lv\/#\/schema\/logo\/image\/","url":"https:\/\/apgaismojums.lv\/wp-content\/uploads\/2021\/03\/logo.png","contentUrl":"https:\/\/apgaismojums.lv\/wp-content\/uploads\/2021\/03\/logo.png","width":372,"height":120,"caption":"Apgaismojums"},"image":{"@id":"https:\/\/apgaismojums.lv\/#\/schema\/logo\/image\/"}}]}},"_links":{"self":[{"href":"https:\/\/apgaismojums.lv\/en\/wp-json\/wp\/v2\/pages\/38"}],"collection":[{"href":"https:\/\/apgaismojums.lv\/en\/wp-json\/wp\/v2\/pages"}],"about":[{"href":"https:\/\/apgaismojums.lv\/en\/wp-json\/wp\/v2\/types\/page"}],"author":[{"embeddable":true,"href":"https:\/\/apgaismojums.lv\/en\/wp-json\/wp\/v2\/users\/1"}],"replies":[{"embeddable":true,"href":"https:\/\/apgaismojums.lv\/en\/wp-json\/wp\/v2\/comments?post=38"}],"version-history":[{"count":0,"href":"https:\/\/apgaismojums.lv\/en\/wp-json\/wp\/v2\/pages\/38\/revisions"}],"wp:attachment":[{"href":"https:\/\/apgaismojums.lv\/en\/wp-json\/wp\/v2\/media?parent=38"}],"curies":[{"name":"wp","href":"https:\/\/api.w.org\/{rel}","templated":true}]}}