{"id":26,"date":"2016-05-19T11:15:13","date_gmt":"2016-05-19T11:15:13","guid":{"rendered":"http:\/\/themes.g5plus.net\/pithree\/?page_id=26"},"modified":"2025-05-26T19:53:31","modified_gmt":"2025-05-26T16:53:31","slug":"our-services","status":"publish","type":"page","link":"https:\/\/apgaismojums.lv\/en\/our-services","title":{"rendered":"Services"},"content":{"rendered":"    <div class=\"g5plus-services style1 clearfix\" >\n                <div class=\"no-slick row clearfix services-content\" >\n                                <div class=\"services-item col-md-4 col-sm-6 col-xs-12 mg-bottom-20 pakalpojumi\">\n                        <div class=\"services-item-inner\">\n                                                            <div class=\"services-image\">\n                                    <img decoding=\"async\" src=\"https:\/\/apgaismojums.lv\/wp-content\/uploads\/2018\/12\/apgaismojuma-aprekinasana-360x247.jpg\" alt=\"Gaismek\u013cu dizaina izv\u0113le\"\n                                         title=\"Gaismek\u013cu dizaina izv\u0113le\">\n                                <\/div>\n                                                        <div class=\"services-info\">\n                                <h3><a href=\"https:\/\/apgaismojums.lv\/en\/services\/gaismeklu-dizaina-izvele\">Gaismek\u013cu dizaina izv\u0113le<\/a><\/h3>\n                                                                    <p>APGAISMOJUMS ir m\u016bsdien\u012bgs apgaismojuma veikals Latvij\u0101, kas papla\u0161ina savu sortimentu un pied\u0101v\u0101 aizvien vair\u0101k apgaismo\u0161anas iek\u0101rtu, k\u0101 ar\u012b lampu idejas J\u016bsu m\u0101j\u0101m<\/p>\n                                                            <\/div>\n                            <a class=\"read-more-link\"\n                               href=\"https:\/\/apgaismojums.lv\/en\/services\/gaismeklu-dizaina-izvele\">Las\u012bt vair\u0101k<i\n                                    class=\"fa fa-angle-right\"><\/i><\/a>\n                        <\/div>\n                    <\/div>\n                                        <div class=\"services-item col-md-4 col-sm-6 col-xs-12 mg-bottom-20 pakalpojumi\">\n                        <div class=\"services-item-inner\">\n                                                            <div class=\"services-image\">\n                                    <img decoding=\"async\" src=\"https:\/\/apgaismojums.lv\/wp-content\/uploads\/2018\/12\/apgaismojuma-risinajumi-360x247.jpg\" alt=\"Apgaismojuma risin\u0101jumi\"\n                                         title=\"Apgaismojuma risin\u0101jumi\">\n                                <\/div>\n                                                        <div class=\"services-info\">\n                                <h3><a href=\"https:\/\/apgaismojums.lv\/en\/services\/apgaismojuma-risinajumi\">Apgaismojuma risin\u0101jumi<\/a><\/h3>\n                                                                    <p>Tehniskais apgaismojums ir svar\u012bg\u0101kais novirziens apgaismojuma arhitekt\u016br\u0101. Izveidojot pareizu tehnisko apgaismojumu, j\u016bs sp\u0113siet palielin\u0101t darba produktivit\u0101ti un darbinieku darbasp\u0113jas, veicin\u0101t tirdzniec\u012bbas uz\u0146\u0113muma komerci\u0101los pan\u0101kumus, padar\u012bt ra\u017eo\u0161anas un noliktavas telpas dro\u0161\u0101kas.<\/p>\n                                                            <\/div>\n                            <a class=\"read-more-link\"\n                               href=\"https:\/\/apgaismojums.lv\/en\/services\/apgaismojuma-risinajumi\">Las\u012bt vair\u0101k<i\n                                    class=\"fa fa-angle-right\"><\/i><\/a>\n                        <\/div>\n                    <\/div>\n                                        <div class=\"services-item col-md-4 col-sm-6 col-xs-12 mg-bottom-20 pakalpojumi\">\n                        <div class=\"services-item-inner\">\n                                                            <div class=\"services-image\">\n                                    <img decoding=\"async\" src=\"https:\/\/apgaismojums.lv\/wp-content\/uploads\/2018\/11\/gaismeklu-dizaina-izvele-360x247.jpg\" alt=\"Apgaismojuma apr\u0113\u0137in\u0101\u0161ana\"\n                                         title=\"Apgaismojuma apr\u0113\u0137in\u0101\u0161ana\">\n                                <\/div>\n                                                        <div class=\"services-info\">\n                                <h3><a href=\"https:\/\/apgaismojums.lv\/en\/services\/apgaismojuma-aprekinasana\">Apgaismojuma apr\u0113\u0137in\u0101\u0161ana<\/a><\/h3>\n                                                                    <p>M\u0113s dz\u012bvojam m\u0101j\u0101s ar m\u0101ksl\u012bgu apgaismojumu, jo ne visas m\u0101jas telpas var apgaismot ar dab\u012bgu apgaismojumu. Rodas jaut\u0101jums: cik daudz apgaismo\u0161anas ier\u012b\u010du ir nepiecie\u0161ams, lai \u0113rti justos jebkur\u0101 m\u0101jok\u013ca telp\u0101 un viet\u0101?<\/p>\n                                                            <\/div>\n                            <a class=\"read-more-link\"\n                               href=\"https:\/\/apgaismojums.lv\/en\/services\/apgaismojuma-aprekinasana\">Las\u012bt vair\u0101k<i\n                                    class=\"fa fa-angle-right\"><\/i><\/a>\n                        <\/div>\n                    <\/div>\n                    <div class=\"container\"><div class=\"vc_row wpb_row vc_row-fluid mg-bottom-70 mg-top-70\"><div class=\"wpb_column vc_column_container vc_col-sm-12\"><div class=\"vc_column-inner\"><div class=\"wpb_wrapper\">                    <div class=\"services-item col-md-4 col-sm-6 col-xs-12 mg-bottom-20 pakalpojumi\">\n                        <div class=\"services-item-inner\">\n                                                            <div class=\"services-image\">\n                                    <img decoding=\"async\" src=\"https:\/\/apgaismojums.lv\/wp-content\/uploads\/2020\/10\/Fasades-apgaismojums-360x247.jpg\" alt=\"Fas\u0101\u017eu apgaismojuma risin\u0101jumi, vizualiz\u0101cijas, uzst\u0101d\u012b\u0161ana\"\n                                         title=\"Fas\u0101\u017eu apgaismojuma risin\u0101jumi, vizualiz\u0101cijas, uzst\u0101d\u012b\u0161ana\">\n                                <\/div>\n                                                        <div class=\"services-info\">\n                                <h3><a href=\"https:\/\/apgaismojums.lv\/en\/services\/fasades-apgaismojums\">Fas\u0101\u017eu apgaismojuma risin\u0101jumi, vizualiz\u0101cijas, uzst\u0101d\u012b\u0161ana<\/a><\/h3>\n                                                                    <p>Dienas laik\u0101 \u0113kas izskatu nosaka dekora elementi, bet vakar\u0101 \u2013 apgaismojums. Fas\u0101\u017eu apgaismojums var piln\u012bgi p\u0101rveidot \u0113ku izskatu. To fas\u0101des m\u0101kslinieciskais apgaismojums ir \u013coti popul\u0101rs virziens dizaina apgaismojuma jom\u0101. Arhitekt\u016bras risin\u0101juma galvenais uzdevums ir noform\u0113t m\u0101jas fas\u0101di t\u0101, lai par\u0101d\u012btu to vislab\u0101kaj\u0101 gaism\u0101, uzsverot t\u0101s unikalit\u0101ti. Apgaismojums \u013cauj m\u0101jas \u012bpa\u0161niekam demonstr\u0113t savu gaumi, statusu un [&hellip;]<\/p>\n                                                            <\/div>\n                            <a class=\"read-more-link\"\n                               href=\"https:\/\/apgaismojums.lv\/en\/services\/fasades-apgaismojums\">Las\u012bt vair\u0101k<i\n                                    class=\"fa fa-angle-right\"><\/i><\/a>\n                        <\/div>\n                    <\/div>\n                                        <\/div>\n            <\/div>\n<\/div><\/div><\/div><\/div><\/div>\n","protected":false},"excerpt":{"rendered":"Dienas laik\u0101 \u0113kas izskatu nosaka dekora elementi, bet vakar\u0101 \u2013 apgaismojums. Fas\u0101\u017eu apgaismojums var piln\u012bgi p\u0101rveidot \u0113ku izskatu. To fas\u0101des m\u0101kslinieciskais apgaismojums ir \u013coti popul\u0101rs virziens dizaina apgaismojuma jom\u0101. Arhitekt\u016bras risin\u0101juma galvenais uzdevums ir noform\u0113t m\u0101jas fas\u0101di t\u0101, lai par\u0101d\u012btu to vislab\u0101kaj\u0101 gaism\u0101, uzsverot t\u0101s unikalit\u0101ti. Apgaismojums \u013cauj m\u0101jas \u012bpa\u0161niekam demonstr\u0113t savu gaumi, statusu un [...]","protected":false},"author":1,"featured_media":0,"parent":0,"menu_order":3,"comment_status":"closed","ping_status":"closed","template":"","meta":{"ngg_post_thumbnail":0,"footnotes":""},"class_list":["post-26","page","type-page","status-publish","hentry"],"yoast_head":"<!-- This site is optimized with the Yoast SEO plugin v25.2 - https:\/\/yoast.com\/wordpress\/plugins\/seo\/ -->\n<title>Apgaismojuma pakalpojumi priv\u0101tperson\u0101m un uz\u0146\u0113mumiem<\/title>\n<meta name=\"description\" content=\"Profesion\u0101li apgaismojuma pakalpojumi: projekt\u0113\u0161ana, apr\u0113\u0137ini, konsult\u0101cijas un risin\u0101jumi m\u0101j\u0101m, birojiem un industrijai. Uzzini vair\u0101k!\" \/>\n<meta name=\"robots\" content=\"index, follow, max-snippet:-1, max-image-preview:large, max-video-preview:-1\" \/>\n<link rel=\"canonical\" href=\"https:\/\/apgaismojums.lv\/en\/our-services\" \/>\n<meta property=\"og:locale\" content=\"en_GB\" \/>\n<meta property=\"og:type\" content=\"article\" \/>\n<meta property=\"og:title\" content=\"Apgaismojuma pakalpojumi priv\u0101tperson\u0101m un uz\u0146\u0113mumiem\" \/>\n<meta property=\"og:description\" content=\"Profesion\u0101li apgaismojuma pakalpojumi: projekt\u0113\u0161ana, apr\u0113\u0137ini, konsult\u0101cijas un risin\u0101jumi m\u0101j\u0101m, birojiem un industrijai. Uzzini vair\u0101k!\" \/>\n<meta property=\"og:url\" content=\"https:\/\/apgaismojums.lv\/en\/our-services\" \/>\n<meta property=\"og:site_name\" content=\"ACDC Group, SIA\" \/>\n<meta property=\"article:modified_time\" content=\"2025-05-26T16:53:31+00:00\" \/>\n<meta name=\"twitter:card\" content=\"summary_large_image\" \/>\n<script type=\"application\/ld+json\" class=\"yoast-schema-graph\">{\"@context\":\"https:\/\/schema.org\",\"@graph\":[{\"@type\":\"WebPage\",\"@id\":\"https:\/\/apgaismojums.lv\/pakalpojumi\",\"url\":\"https:\/\/apgaismojums.lv\/pakalpojumi\",\"name\":\"Apgaismojuma pakalpojumi priv\u0101tperson\u0101m un uz\u0146\u0113mumiem\",\"isPartOf\":{\"@id\":\"https:\/\/apgaismojums.lv\/#website\"},\"datePublished\":\"2016-05-19T11:15:13+00:00\",\"dateModified\":\"2025-05-26T16:53:31+00:00\",\"description\":\"Profesion\u0101li apgaismojuma pakalpojumi: projekt\u0113\u0161ana, apr\u0113\u0137ini, konsult\u0101cijas un risin\u0101jumi m\u0101j\u0101m, birojiem un industrijai. Uzzini vair\u0101k!\",\"breadcrumb\":{\"@id\":\"https:\/\/apgaismojums.lv\/pakalpojumi#breadcrumb\"},\"inLanguage\":\"en-GB\",\"potentialAction\":[{\"@type\":\"ReadAction\",\"target\":[\"https:\/\/apgaismojums.lv\/pakalpojumi\"]}]},{\"@type\":\"BreadcrumbList\",\"@id\":\"https:\/\/apgaismojums.lv\/pakalpojumi#breadcrumb\",\"itemListElement\":[{\"@type\":\"ListItem\",\"position\":1,\"name\":\"Home\",\"item\":\"https:\/\/apgaismojums.lv\/\"},{\"@type\":\"ListItem\",\"position\":2,\"name\":\"Pakalpojumi\"}]},{\"@type\":\"WebSite\",\"@id\":\"https:\/\/apgaismojums.lv\/#website\",\"url\":\"https:\/\/apgaismojums.lv\/\",\"name\":\"ACDC Group, SIA\",\"description\":\"apgaismojuma risin\u0101jumi\",\"publisher\":{\"@id\":\"https:\/\/apgaismojums.lv\/#organization\"},\"potentialAction\":[{\"@type\":\"SearchAction\",\"target\":{\"@type\":\"EntryPoint\",\"urlTemplate\":\"https:\/\/apgaismojums.lv\/?s={search_term_string}\"},\"query-input\":{\"@type\":\"PropertyValueSpecification\",\"valueRequired\":true,\"valueName\":\"search_term_string\"}}],\"inLanguage\":\"en-GB\"},{\"@type\":\"Organization\",\"@id\":\"https:\/\/apgaismojums.lv\/#organization\",\"name\":\"Apgaismojums\",\"url\":\"https:\/\/apgaismojums.lv\/\",\"logo\":{\"@type\":\"ImageObject\",\"inLanguage\":\"en-GB\",\"@id\":\"https:\/\/apgaismojums.lv\/#\/schema\/logo\/image\/\",\"url\":\"https:\/\/apgaismojums.lv\/wp-content\/uploads\/2021\/03\/logo.png\",\"contentUrl\":\"https:\/\/apgaismojums.lv\/wp-content\/uploads\/2021\/03\/logo.png\",\"width\":372,\"height\":120,\"caption\":\"Apgaismojums\"},\"image\":{\"@id\":\"https:\/\/apgaismojums.lv\/#\/schema\/logo\/image\/\"}}]}<\/script>\n<!-- \/ Yoast SEO plugin. -->","yoast_head_json":{"title":"Lighting services for individuals and businesses","description":"Professional lighting services: design, calculations, consultancy and solutions for homes, offices and industry. Find out more!","robots":{"index":"index","follow":"follow","max-snippet":"max-snippet:-1","max-image-preview":"max-image-preview:large","max-video-preview":"max-video-preview:-1"},"canonical":"https:\/\/apgaismojums.lv\/en\/our-services","og_locale":"en_GB","og_type":"article","og_title":"Apgaismojuma pakalpojumi priv\u0101tperson\u0101m un uz\u0146\u0113mumiem","og_description":"Profesion\u0101li apgaismojuma pakalpojumi: projekt\u0113\u0161ana, apr\u0113\u0137ini, konsult\u0101cijas un risin\u0101jumi m\u0101j\u0101m, birojiem un industrijai. Uzzini vair\u0101k!","og_url":"https:\/\/apgaismojums.lv\/en\/our-services","og_site_name":"ACDC Group, SIA","article_modified_time":"2025-05-26T16:53:31+00:00","twitter_card":"summary_large_image","schema":{"@context":"https:\/\/schema.org","@graph":[{"@type":"WebPage","@id":"https:\/\/apgaismojums.lv\/pakalpojumi","url":"https:\/\/apgaismojums.lv\/pakalpojumi","name":"Lighting services for individuals and businesses","isPartOf":{"@id":"https:\/\/apgaismojums.lv\/#website"},"datePublished":"2016-05-19T11:15:13+00:00","dateModified":"2025-05-26T16:53:31+00:00","description":"Professional lighting services: design, calculations, consultancy and solutions for homes, offices and industry. Find out more!","breadcrumb":{"@id":"https:\/\/apgaismojums.lv\/pakalpojumi#breadcrumb"},"inLanguage":"en-GB","potentialAction":[{"@type":"ReadAction","target":["https:\/\/apgaismojums.lv\/pakalpojumi"]}]},{"@type":"BreadcrumbList","@id":"https:\/\/apgaismojums.lv\/pakalpojumi#breadcrumb","itemListElement":[{"@type":"ListItem","position":1,"name":"Home","item":"https:\/\/apgaismojums.lv\/"},{"@type":"ListItem","position":2,"name":"Pakalpojumi"}]},{"@type":"WebSite","@id":"https:\/\/apgaismojums.lv\/#website","url":"https:\/\/apgaismojums.lv\/","name":"ACDC Group, SIA","description":"lighting solutions","publisher":{"@id":"https:\/\/apgaismojums.lv\/#organization"},"potentialAction":[{"@type":"SearchAction","target":{"@type":"EntryPoint","urlTemplate":"https:\/\/apgaismojums.lv\/?s={search_term_string}"},"query-input":{"@type":"PropertyValueSpecification","valueRequired":true,"valueName":"search_term_string"}}],"inLanguage":"en-GB"},{"@type":"Organization","@id":"https:\/\/apgaismojums.lv\/#organization","name":"Lighting","url":"https:\/\/apgaismojums.lv\/","logo":{"@type":"ImageObject","inLanguage":"en-GB","@id":"https:\/\/apgaismojums.lv\/#\/schema\/logo\/image\/","url":"https:\/\/apgaismojums.lv\/wp-content\/uploads\/2021\/03\/logo.png","contentUrl":"https:\/\/apgaismojums.lv\/wp-content\/uploads\/2021\/03\/logo.png","width":372,"height":120,"caption":"Apgaismojums"},"image":{"@id":"https:\/\/apgaismojums.lv\/#\/schema\/logo\/image\/"}}]}},"_links":{"self":[{"href":"https:\/\/apgaismojums.lv\/en\/wp-json\/wp\/v2\/pages\/26"}],"collection":[{"href":"https:\/\/apgaismojums.lv\/en\/wp-json\/wp\/v2\/pages"}],"about":[{"href":"https:\/\/apgaismojums.lv\/en\/wp-json\/wp\/v2\/types\/page"}],"author":[{"embeddable":true,"href":"https:\/\/apgaismojums.lv\/en\/wp-json\/wp\/v2\/users\/1"}],"replies":[{"embeddable":true,"href":"https:\/\/apgaismojums.lv\/en\/wp-json\/wp\/v2\/comments?post=26"}],"version-history":[{"count":0,"href":"https:\/\/apgaismojums.lv\/en\/wp-json\/wp\/v2\/pages\/26\/revisions"}],"wp:attachment":[{"href":"https:\/\/apgaismojums.lv\/en\/wp-json\/wp\/v2\/media?parent=26"}],"curies":[{"name":"wp","href":"https:\/\/api.w.org\/{rel}","templated":true}]}}