{"id":23,"date":"2016-05-19T06:57:34","date_gmt":"2016-05-19T06:57:34","guid":{"rendered":"http:\/\/themes.g5plus.net\/pithree\/?page_id=23"},"modified":"2024-09-16T22:03:05","modified_gmt":"2024-09-16T19:03:05","slug":"about-us","status":"publish","type":"page","link":"https:\/\/apgaismojums.lv\/en\/about-us","title":{"rendered":"About us"},"content":{"rendered":"<div class=\"container\"><div class=\"vc_row wpb_row vc_row-fluid mg-bottom-90 sm-mg-bottom-60 vc_row-o-equal-height vc_row-flex\"><div class=\"col-lg-6 col-md-12 wpb_column vc_column_container vc_col-sm-6\"><div class=\"vc_column-inner\"><div class=\"wpb_wrapper\">\n\t<div class=\"wpb_text_column wpb_content_element  mg-bottom-30 sm-mg-bottom-30\" >\n\t\t<div class=\"wpb_wrapper\">\n\t\t\t<p><span style=\"font-size: 13pt; color: #000000;\">\"ACDC Group, Ltd. is a lighting solutions and light fixtures trading company in Latvia. The company offers products from the world's leading lighting manufacturers. We carry out any kind of lighting calculations and supply of light fixtures, interior items:<\/span><\/p>\n<ul>\n<li><span style=\"font-size: 13pt; color: #000000;\">offices;<\/span><\/li>\n<li><span style=\"font-size: 13pt; color: #000000;\">warehouses;<\/span><\/li>\n<li><span style=\"font-size: 13pt; color: #000000;\">training institutions<\/span><\/li>\n<li><span style=\"font-size: 13pt; color: #000000;\">medical institutions<\/span><\/li>\n<li><span style=\"font-size: 13pt; color: #000000;\">streets, parks, territories<\/span><\/li>\n<li><span style=\"font-size: 13pt; color: #000000;\">sports halls, playgrounds<\/span><\/li>\n<li><span style=\"font-size: 13pt; color: #000000;\">private houses, apartments;<\/span><\/li>\n<li><span style=\"font-size: 13pt; color: #000000;\">facades;<\/span><\/li>\n<li><span style=\"font-size: 13pt; color: #000000;\">restaurants, caf\u00e9s.<\/span><\/li>\n<\/ul>\n<p><span style=\"font-size: 13pt; color: #000000;\">We offer a wide range of luminaires for our customers to choose from, including individual modifications.<\/span><\/p>\n<p><span style=\"font-size: 13pt; color: #000000;\">Choosing lighting solutions is a delicate and careful process, which is why we offer a wide selection of unique luminaire models and lighting design solutions. Our employees participate in international exhibitions and visit lighting production sites, selecting the most aesthetic and highest quality products for our customers.<\/span><\/p>\n<p><span style=\"font-size: 13pt; color: #000000;\">The play of light and shadow creates a feeling of cosiness and sophistication, highlights classic and modern forms, and gives the interior a special mood. The ACDC Group's collection of light fittings perfectly completes both practical and artistic challenges, combining aesthetics and quality.<\/span><\/p>\n\n\t\t<\/div>\n\t<\/div>\n<\/div><\/div><\/div><div class=\"col-lg-6 col-md-12 wpb_column vc_column_container vc_col-sm-6\"><div class=\"vc_column-inner\"><div class=\"wpb_wrapper\">\n\t<div  class=\"wpb_single_image wpb_content_element vc_align_center  vc_custom_1555328547996\">\n\t\t\n\t\t<figure class=\"wpb_wrapper vc_figure\">\n\t\t\t<div class=\"vc_single_image-wrapper   vc_box_border_grey\"><img loading=\"lazy\" decoding=\"async\" width=\"900\" height=\"675\" src=\"https:\/\/apgaismojums.lv\/wp-content\/uploads\/2019\/04\/par-mums.jpg\" class=\"vc_single_image-img attachment-full\" alt=\"\" srcset=\"https:\/\/apgaismojums.lv\/wp-content\/uploads\/2019\/04\/par-mums.jpg 900w, https:\/\/apgaismojums.lv\/wp-content\/uploads\/2019\/04\/par-mums-530x398.jpg 530w, https:\/\/apgaismojums.lv\/wp-content\/uploads\/2019\/04\/par-mums-300x225.jpg 300w, https:\/\/apgaismojums.lv\/wp-content\/uploads\/2019\/04\/par-mums-768x576.jpg 768w\" sizes=\"(max-width: 900px) 100vw, 900px\" \/><\/div>\n\t\t<\/figure>\n\t<\/div>\n<div class=\"vc_empty_space\"   style=\"height: 20px\"><span class=\"vc_empty_space_inner\"><\/span><\/div>\n\t<div class=\"wpb_text_column wpb_content_element\" >\n\t\t<div class=\"wpb_wrapper\">\n\t\t\t<p>Quality lighting is a set of solutions, all of which must be perfect<\/p>\n\n\t\t<\/div>\n\t<\/div>\n<\/div><\/div><\/div><\/div><\/div>","protected":false},"excerpt":{"rendered":"\u201cACDC Group, SIA\u201d ir apgaismojuma risin\u0101jumu un gaismas \u0137erme\u0146u tirdzniec\u012bbas uz\u0146\u0113mums Latvij\u0101. Uz\u0146\u0113mums pied\u0101v\u0101 pasaules vado\u0161o apgaismojuma ra\u017eot\u0101ju produkciju. Veicam jebkura veida apgaismojuma apr\u0113\u0137inus un gaismas \u0137erme\u0146u, interjera priek\u0161metu pieg\u0101des: birojiem; noliktav\u0101m; m\u0101c\u012bbu iest\u0101d\u0113m; medic\u012bnas iest\u0101d\u0113m; iel\u0101m, parkiem, teritorij\u0101m; sporta hall\u0113m, laukumiem; priv\u0101t\u0101m m\u0101j\u0101m, dz\u012bvok\u013ciem; fas\u0101d\u0113m; restor\u0101niem, kafejn\u012bc\u0101m. M\u016bsu klientu izv\u0113lei tiek pied\u0101v\u0101ts pla\u0161s gaismek\u013cu [...]","protected":false},"author":1,"featured_media":0,"parent":0,"menu_order":2,"comment_status":"closed","ping_status":"closed","template":"","meta":{"ngg_post_thumbnail":0,"footnotes":""},"class_list":["post-23","page","type-page","status-publish","hentry"],"yoast_head":"<!-- This site is optimized with the Yoast SEO plugin v25.2 - https:\/\/yoast.com\/wordpress\/plugins\/seo\/ -->\n<title>Par mums - ACDC Group, SIA<\/title>\n<meta name=\"description\" content=\"Par mums | | ACDC Group, SIA\" \/>\n<meta name=\"robots\" content=\"index, follow, max-snippet:-1, max-image-preview:large, max-video-preview:-1\" \/>\n<link rel=\"canonical\" href=\"https:\/\/apgaismojums.lv\/en\/about-us\" \/>\n<meta property=\"og:locale\" content=\"en_GB\" \/>\n<meta property=\"og:type\" content=\"article\" \/>\n<meta property=\"og:title\" content=\"Par mums - ACDC Group, SIA\" \/>\n<meta property=\"og:description\" content=\"Par mums | | ACDC Group, SIA\" \/>\n<meta property=\"og:url\" content=\"https:\/\/apgaismojums.lv\/en\/about-us\" \/>\n<meta property=\"og:site_name\" content=\"ACDC Group, SIA\" \/>\n<meta property=\"article:modified_time\" content=\"2024-09-16T19:03:05+00:00\" \/>\n<meta name=\"twitter:card\" content=\"summary_large_image\" \/>\n<meta name=\"twitter:label1\" content=\"Estimated reading time\" \/>\n\t<meta name=\"twitter:data1\" content=\"2 minutes\" \/>\n<script type=\"application\/ld+json\" class=\"yoast-schema-graph\">{\"@context\":\"https:\/\/schema.org\",\"@graph\":[{\"@type\":\"WebPage\",\"@id\":\"https:\/\/apgaismojums.lv\/par-mums\",\"url\":\"https:\/\/apgaismojums.lv\/par-mums\",\"name\":\"Par mums - ACDC Group, SIA\",\"isPartOf\":{\"@id\":\"https:\/\/apgaismojums.lv\/#website\"},\"datePublished\":\"2016-05-19T06:57:34+00:00\",\"dateModified\":\"2024-09-16T19:03:05+00:00\",\"description\":\"Par mums | | ACDC Group, SIA\",\"breadcrumb\":{\"@id\":\"https:\/\/apgaismojums.lv\/par-mums#breadcrumb\"},\"inLanguage\":\"en-GB\",\"potentialAction\":[{\"@type\":\"ReadAction\",\"target\":[\"https:\/\/apgaismojums.lv\/par-mums\"]}]},{\"@type\":\"BreadcrumbList\",\"@id\":\"https:\/\/apgaismojums.lv\/par-mums#breadcrumb\",\"itemListElement\":[{\"@type\":\"ListItem\",\"position\":1,\"name\":\"Home\",\"item\":\"https:\/\/apgaismojums.lv\/\"},{\"@type\":\"ListItem\",\"position\":2,\"name\":\"Par mums\"}]},{\"@type\":\"WebSite\",\"@id\":\"https:\/\/apgaismojums.lv\/#website\",\"url\":\"https:\/\/apgaismojums.lv\/\",\"name\":\"ACDC Group, SIA\",\"description\":\"apgaismojuma risin\u0101jumi\",\"publisher\":{\"@id\":\"https:\/\/apgaismojums.lv\/#organization\"},\"potentialAction\":[{\"@type\":\"SearchAction\",\"target\":{\"@type\":\"EntryPoint\",\"urlTemplate\":\"https:\/\/apgaismojums.lv\/?s={search_term_string}\"},\"query-input\":{\"@type\":\"PropertyValueSpecification\",\"valueRequired\":true,\"valueName\":\"search_term_string\"}}],\"inLanguage\":\"en-GB\"},{\"@type\":\"Organization\",\"@id\":\"https:\/\/apgaismojums.lv\/#organization\",\"name\":\"Apgaismojums\",\"url\":\"https:\/\/apgaismojums.lv\/\",\"logo\":{\"@type\":\"ImageObject\",\"inLanguage\":\"en-GB\",\"@id\":\"https:\/\/apgaismojums.lv\/#\/schema\/logo\/image\/\",\"url\":\"https:\/\/apgaismojums.lv\/wp-content\/uploads\/2021\/03\/logo.png\",\"contentUrl\":\"https:\/\/apgaismojums.lv\/wp-content\/uploads\/2021\/03\/logo.png\",\"width\":372,\"height\":120,\"caption\":\"Apgaismojums\"},\"image\":{\"@id\":\"https:\/\/apgaismojums.lv\/#\/schema\/logo\/image\/\"}}]}<\/script>\n<!-- \/ Yoast SEO plugin. -->","yoast_head_json":{"title":"About us - ACDC Group, SIA","description":"About us | | ACDC Group, SIA","robots":{"index":"index","follow":"follow","max-snippet":"max-snippet:-1","max-image-preview":"max-image-preview:large","max-video-preview":"max-video-preview:-1"},"canonical":"https:\/\/apgaismojums.lv\/en\/about-us","og_locale":"en_GB","og_type":"article","og_title":"Par mums - ACDC Group, SIA","og_description":"Par mums | | ACDC Group, SIA","og_url":"https:\/\/apgaismojums.lv\/en\/about-us","og_site_name":"ACDC Group, SIA","article_modified_time":"2024-09-16T19:03:05+00:00","twitter_card":"summary_large_image","twitter_misc":{"Estimated reading time":"2 minutes"},"schema":{"@context":"https:\/\/schema.org","@graph":[{"@type":"WebPage","@id":"https:\/\/apgaismojums.lv\/par-mums","url":"https:\/\/apgaismojums.lv\/par-mums","name":"About us - ACDC Group, SIA","isPartOf":{"@id":"https:\/\/apgaismojums.lv\/#website"},"datePublished":"2016-05-19T06:57:34+00:00","dateModified":"2024-09-16T19:03:05+00:00","description":"About us | | ACDC Group, SIA","breadcrumb":{"@id":"https:\/\/apgaismojums.lv\/par-mums#breadcrumb"},"inLanguage":"en-GB","potentialAction":[{"@type":"ReadAction","target":["https:\/\/apgaismojums.lv\/par-mums"]}]},{"@type":"BreadcrumbList","@id":"https:\/\/apgaismojums.lv\/par-mums#breadcrumb","itemListElement":[{"@type":"ListItem","position":1,"name":"Home","item":"https:\/\/apgaismojums.lv\/"},{"@type":"ListItem","position":2,"name":"Par mums"}]},{"@type":"WebSite","@id":"https:\/\/apgaismojums.lv\/#website","url":"https:\/\/apgaismojums.lv\/","name":"ACDC Group, SIA","description":"lighting solutions","publisher":{"@id":"https:\/\/apgaismojums.lv\/#organization"},"potentialAction":[{"@type":"SearchAction","target":{"@type":"EntryPoint","urlTemplate":"https:\/\/apgaismojums.lv\/?s={search_term_string}"},"query-input":{"@type":"PropertyValueSpecification","valueRequired":true,"valueName":"search_term_string"}}],"inLanguage":"en-GB"},{"@type":"Organization","@id":"https:\/\/apgaismojums.lv\/#organization","name":"Lighting","url":"https:\/\/apgaismojums.lv\/","logo":{"@type":"ImageObject","inLanguage":"en-GB","@id":"https:\/\/apgaismojums.lv\/#\/schema\/logo\/image\/","url":"https:\/\/apgaismojums.lv\/wp-content\/uploads\/2021\/03\/logo.png","contentUrl":"https:\/\/apgaismojums.lv\/wp-content\/uploads\/2021\/03\/logo.png","width":372,"height":120,"caption":"Apgaismojums"},"image":{"@id":"https:\/\/apgaismojums.lv\/#\/schema\/logo\/image\/"}}]}},"_links":{"self":[{"href":"https:\/\/apgaismojums.lv\/en\/wp-json\/wp\/v2\/pages\/23"}],"collection":[{"href":"https:\/\/apgaismojums.lv\/en\/wp-json\/wp\/v2\/pages"}],"about":[{"href":"https:\/\/apgaismojums.lv\/en\/wp-json\/wp\/v2\/types\/page"}],"author":[{"embeddable":true,"href":"https:\/\/apgaismojums.lv\/en\/wp-json\/wp\/v2\/users\/1"}],"replies":[{"embeddable":true,"href":"https:\/\/apgaismojums.lv\/en\/wp-json\/wp\/v2\/comments?post=23"}],"version-history":[{"count":0,"href":"https:\/\/apgaismojums.lv\/en\/wp-json\/wp\/v2\/pages\/23\/revisions"}],"wp:attachment":[{"href":"https:\/\/apgaismojums.lv\/en\/wp-json\/wp\/v2\/media?parent=23"}],"curies":[{"name":"wp","href":"https:\/\/api.w.org\/{rel}","templated":true}]}}